{"id":13,"date":"2017-09-04T10:50:09","date_gmt":"2017-09-04T08:50:09","guid":{"rendered":"https:\/\/dev.viality.de\/schomberg\/wordpress\/?page_id=13"},"modified":"2024-04-12T10:39:24","modified_gmt":"2024-04-12T08:39:24","slug":"fortbildungen","status":"publish","type":"page","link":"https:\/\/www.schomberg-sv.de\/index.php\/fortbildungen\/","title":{"rendered":"Fortbildungen"},"content":{"rendered":"<div>\n<h3>Fortbildungen<\/h3>\n<\/div>\n<h3>Herr Matthias Schomberg bildet sich st\u00e4ndig weiter<\/h3>\n<div>Regelm\u00e4\u00dfige Teilnahme an den Sachverst\u00e4ndigentagungen<\/div>\n<ul>\n<li>\n<div>des Dachdecker-Handwerks Westfalen; Innungsverband des Dachdeckerhandwerks Westfalen &#8211; Fachverband f\u00fcr Dach-Wand- und Abdichtungstechnik<\/div>\n<\/li>\n<li>\n<div>des Dachdeckerhandwerks; Berufsbildungswerk des Deutschen Dachdeckerhandwerks e.V.<\/div>\n<\/li>\n<li>\n<div>der Handwerkskammern Dortmund<\/div>\n<\/li>\n<\/ul>\n<h2>Haben Sie Fragen?<\/h2>\n<div>Sprechen Sie mich unverbindlich an!<\/div>\n<p>\n    <a href=\"\/index.php\/kontakt\/\">Kontakt<\/a>\n<\/p>\n<div>\n<p>        <img decoding=\"async\" src=\"\/wp-content\/uploads\/2024\/04\/Schomberg-03.jpg\" alt=\"\"><\/p>\n<h3>Matthias Schomberg<\/h3>\n<div>\n<p>\nRingofenstra\u00dfe 45 <br \/>\n44287 Dortmund<\/p>\n<p><img decoding=\"async\" src=\"\/wp-content\/uploads\/2017\/09\/sachverst-logo.gif\"\/><\/div>\n<\/div>\n<p><!--more--><br \/>\n<!-- {\"name\":\"\",\"type\":\"layout\",\"children\":[{\"name\":\"Keyvisual\",\"type\":\"section\",\"props\":{\"animation\":\"slide-left-medium\",\"animation_delay\":\"200\",\"image\":\"wp-content\\\/uploads\\\/2018\\\/01\\\/fortbildungen.jpg\",\"image_effect\":\"parallax\",\"image_parallax_bgy\":\"0,110\",\"image_parallax_breakpoint\":\"l\",\"image_parallax_easing\":\"1\",\"image_position\":\"center-center\",\"image_size\":\"cover\",\"padding\":\"large\",\"style\":\"default\",\"title\":\"\",\"title_breakpoint\":\"xl\",\"title_position\":\"top-left\",\"title_rotation\":\"left\",\"vertical_align\":\"middle\",\"width\":\"expand\"},\"children\":[{\"name\":\"\",\"type\":\"row\",\"props\":{\"column_gap\":\"small\",\"margin\":\"large\",\"match\":false,\"row_gap\":\"small\"},\"children\":[{\"name\":\"\",\"type\":\"column\",\"props\":{\"image\":\"\",\"image_position\":\"center-center\",\"media_overlay_gradient\":\"\",\"position_sticky_breakpoint\":\"m\",\"width_medium\":\"1-1\"},\"children\":[{\"name\":\"\",\"type\":\"panel\",\"props\":{\"animation\":\"slide-right\",\"block_align\":\"right\",\"content_column_breakpoint\":\"m\",\"icon_width\":80,\"image_align\":\"top\",\"image_grid_breakpoint\":\"m\",\"image_grid_width\":\"1-2\",\"image_svg_color\":\"emphasis\",\"link_style\":\"default\",\"link_text\":\"Read more\",\"margin\":\"default\",\"maxwidth\":\"large\",\"meta_align\":\"below-title\",\"meta_element\":\"div\",\"meta_style\":\"text-meta\",\"panel_padding\":\"default\",\"panel_style\":\"card-primary\",\"title\":\"Fortbildungen\",\"title_align\":\"top\",\"title_element\":\"h3\",\"title_grid_breakpoint\":\"m\",\"title_grid_width\":\"1-2\",\"title_hover_style\":\"reset\",\"title_style\":\"h2\"}}]}]}]},{\"name\":\"About us\",\"type\":\"section\",\"props\":{\"animation_delay\":false,\"id\":\"about-us\",\"image_position\":\"center-center\",\"image_size\":\"cover\",\"padding\":\"large\",\"padding_remove_bottom\":false,\"padding_remove_top\":false,\"style\":\"default\",\"title_breakpoint\":\"xl\",\"title_position\":\"top-left\",\"title_rotation\":\"left\",\"vertical_align\":\"middle\",\"width\":\"default\"},\"children\":[{\"name\":\"\",\"type\":\"row\",\"props\":{\"layout\":\"1-3,2-3\",\"margin\":\"xlarge\",\"width\":\"default\"},\"children\":[{\"name\":\"\",\"type\":\"column\",\"props\":{\"image_position\":\"center-center\",\"media_overlay_gradient\":\"\",\"position_sticky_breakpoint\":\"m\",\"width_medium\":\"1-3\"},\"children\":[{\"name\":\"\",\"type\":\"headline\",\"props\":{\"content\":\"Herr Matthias Schomberg bildet sich st\\u00e4ndig weiter\",\"title_decoration\":\"bullet\",\"title_element\":\"h3\"}}]},{\"name\":\"\",\"type\":\"column\",\"props\":{\"image_position\":\"center-center\",\"media_overlay_gradient\":\"\",\"position_sticky_breakpoint\":\"m\",\"width_medium\":\"2-3\"},\"children\":[{\"name\":\"\",\"type\":\"text\",\"props\":{\"column_breakpoint\":\"m\",\"content\":\"Regelm\\u00e4\\u00dfige Teilnahme an den Sachverst\\u00e4ndigentagungen\",\"dropcap\":false,\"margin\":\"default\",\"text_style\":\"lead\"}},{\"name\":\"\",\"type\":\"list\",\"props\":{\"column_breakpoint\":\"m\",\"icon_width\":30,\"image_align\":\"left\",\"image_svg_color\":\"emphasis\",\"image_vertical_align\":true,\"list_element\":\"ul\",\"list_horizontal_separator\":\", \",\"list_size\":\"\",\"list_type\":\"vertical\",\"show_image\":true,\"show_link\":true},\"children\":[{\"name\":\"\",\"type\":\"list_item\",\"props\":{\"content\":\"des Dachdecker-Handwerks Westfalen; Innungsverband des Dachdeckerhandwerks Westfalen - Fachverband f\\u00fcr Dach-Wand- und Abdichtungstechnik\",\"icon\":\"check\",\"icon_color\":\"primary\"}},{\"name\":\"\",\"type\":\"list_item\",\"props\":{\"content\":\"des Dachdeckerhandwerks; Berufsbildungswerk des Deutschen Dachdeckerhandwerks e.V.\",\"icon\":\"check\",\"icon_color\":\"primary\"}},{\"name\":\"\",\"type\":\"list_item\",\"props\":{\"content\":\"der Handwerkskammern Dortmund\",\"icon\":\"check\",\"icon_color\":\"primary\"}}]}]}]}]},{\"name\":\"Ansprechpartner\",\"type\":\"section\",\"props\":{\"image_position\":\"center-center\",\"style\":\"muted\",\"title_breakpoint\":\"xl\",\"title_position\":\"top-left\",\"title_rotation\":\"left\",\"vertical_align\":\"middle\",\"width\":\"default\"},\"children\":[{\"name\":\"\",\"type\":\"row\",\"props\":{\"layout\":\"1-2,1-2\",\"vertical_align\":true},\"children\":[{\"name\":\"\",\"type\":\"column\",\"props\":{\"image_position\":\"center-center\",\"media_overlay_gradient\":\"\",\"position_sticky_breakpoint\":\"m\",\"vertical_align\":\"middle\",\"width_medium\":\"1-2\"},\"children\":[{\"name\":\"\",\"type\":\"headline\",\"props\":{\"content\":\"Haben Sie Fragen?\",\"title_element\":\"h2\"}},{\"name\":\"\",\"type\":\"text\",\"props\":{\"column_breakpoint\":\"m\",\"content\":\"Sprechen Sie mich unverbindlich an!\",\"margin\":\"default\"}},{\"name\":\"\",\"type\":\"button\",\"props\":{\"grid_column_gap\":\"small\",\"grid_row_gap\":\"small\",\"margin\":\"default\"},\"children\":[{\"name\":\"\",\"type\":\"button_item\",\"props\":{\"button_style\":\"primary\",\"content\":\"Kontakt\",\"icon_align\":\"left\",\"link\":\".\\\/index.php\\\/kontakt\\\/\"}}]}]},{\"name\":\"\",\"type\":\"column\",\"props\":{\"image_position\":\"center-center\",\"media_overlay_gradient\":\"\",\"position_sticky_breakpoint\":\"m\",\"vertical_align\":\"middle\",\"width_medium\":\"1-2\"},\"children\":[{\"name\":\"\",\"type\":\"panel\",\"props\":{\"content\":\"\n\n<p>\\nRingofenstra\\u00dfe 45 <br \\\/>\\n44287 Dortmund<\\\/p>\\n<img src=\\\".\\\/wp-content\\\/uploads\\\/2017\\\/09\\\/sachverst-logo.gif\\\"\\\/>\",\"content_column_breakpoint\":\"m\",\"icon_width\":80,\"image\":\"wp-content\\\/uploads\\\/2024\\\/04\\\/Schomberg-03.jpg\",\"image_align\":\"right\",\"image_grid_breakpoint\":\"m\",\"image_grid_width\":\"1-2\",\"image_svg_color\":\"emphasis\",\"image_vertical_align\":true,\"link_style\":\"default\",\"link_text\":\"Read more\",\"margin\":\"default\",\"meta\":\"\",\"meta_align\":\"above-title\",\"meta_element\":\"div\",\"meta_style\":\"text-meta\",\"panel_padding\":\"default\",\"panel_style\":\"card-default\",\"title\":\"Matthias Schomberg\",\"title_align\":\"top\",\"title_element\":\"h3\",\"title_grid_breakpoint\":\"m\",\"title_grid_width\":\"1-2\",\"title_hover_style\":\"reset\",\"title_margin\":\"remove\"}}]}]}]}],\"version\":\"3.0.14\"} --><\/p>\n","protected":false},"excerpt":{"rendered":"<p>Fortbildungen Herr Matthias Schomberg bildet sich st\u00e4ndig weiter Regelm\u00e4\u00dfige Teilnahme an den Sachverst\u00e4ndigentagungen des Dachdecker-Handwerks Westfalen; Innungsverband des Dachdeckerhandwerks Westfalen &#8211; Fachverband f\u00fcr Dach-Wand- und Abdichtungstechnik des Dachdeckerhandwerks; Berufsbildungswerk des Deutschen Dachdeckerhandwerks e.V. der Handwerkskammern Dortmund Haben Sie Fragen? Sprechen Sie mich unverbindlich an! Kontakt Matthias Schomberg Ringofenstra\u00dfe 45 44287 Dortmund<\/p>\n","protected":false},"author":2,"featured_media":0,"parent":0,"menu_order":0,"comment_status":"closed","ping_status":"closed","template":"","meta":{"footnotes":""},"class_list":["post-13","page","type-page","status-publish","hentry"],"yoast_head":"<!-- This site is optimized with the Yoast SEO plugin v27.4 - https:\/\/yoast.com\/product\/yoast-seo-wordpress\/ -->\n<title>Fortbildungen - Dachdecker Sachverst\u00e4ndigenb\u00fcro Matthias Schomberg<\/title>\n<meta name=\"description\" content=\"Fortbildungen von Matthias Schomberg, \u00d6ffentlich bestellter und vereidigter Sachverst\u00e4ndiger f\u00fcr das Dachdeckerhandwerk Dortmund, Ruhrgebiet, NRW\" \/>\n<meta name=\"robots\" content=\"index, follow, max-snippet:-1, max-image-preview:large, max-video-preview:-1\" \/>\n<link rel=\"canonical\" href=\"https:\/\/www.schomberg-sv.de\/index.php\/fortbildungen\/\" \/>\n<meta property=\"og:locale\" content=\"de_DE\" \/>\n<meta property=\"og:type\" content=\"article\" \/>\n<meta property=\"og:title\" content=\"Fortbildungen - Dachdecker Sachverst\u00e4ndigenb\u00fcro Matthias Schomberg\" \/>\n<meta property=\"og:description\" content=\"Fortbildungen von Matthias Schomberg, \u00d6ffentlich bestellter und vereidigter Sachverst\u00e4ndiger f\u00fcr das Dachdeckerhandwerk Dortmund, Ruhrgebiet, NRW\" \/>\n<meta property=\"og:url\" content=\"https:\/\/www.schomberg-sv.de\/index.php\/fortbildungen\/\" \/>\n<meta property=\"og:site_name\" content=\"Dachdecker Sachverst\u00e4ndigenb\u00fcro Matthias Schomberg\" \/>\n<meta property=\"article:modified_time\" content=\"2024-04-12T08:39:24+00:00\" \/>\n<meta name=\"twitter:card\" content=\"summary_large_image\" \/>\n<script type=\"application\/ld+json\" class=\"yoast-schema-graph\">{\"@context\":\"https:\\\/\\\/schema.org\",\"@graph\":[{\"@type\":\"WebPage\",\"@id\":\"https:\\\/\\\/www.schomberg-sv.de\\\/index.php\\\/fortbildungen\\\/\",\"url\":\"https:\\\/\\\/www.schomberg-sv.de\\\/index.php\\\/fortbildungen\\\/\",\"name\":\"Fortbildungen - Dachdecker Sachverst\u00e4ndigenb\u00fcro Matthias Schomberg\",\"isPartOf\":{\"@id\":\"https:\\\/\\\/www.schomberg-sv.de\\\/#website\"},\"datePublished\":\"2017-09-04T08:50:09+00:00\",\"dateModified\":\"2024-04-12T08:39:24+00:00\",\"description\":\"Fortbildungen von Matthias Schomberg, \u00d6ffentlich bestellter und vereidigter Sachverst\u00e4ndiger f\u00fcr das Dachdeckerhandwerk Dortmund, Ruhrgebiet, NRW\",\"breadcrumb\":{\"@id\":\"https:\\\/\\\/www.schomberg-sv.de\\\/index.php\\\/fortbildungen\\\/#breadcrumb\"},\"inLanguage\":\"de\",\"potentialAction\":[{\"@type\":\"ReadAction\",\"target\":[\"https:\\\/\\\/www.schomberg-sv.de\\\/index.php\\\/fortbildungen\\\/\"]}]},{\"@type\":\"BreadcrumbList\",\"@id\":\"https:\\\/\\\/www.schomberg-sv.de\\\/index.php\\\/fortbildungen\\\/#breadcrumb\",\"itemListElement\":[{\"@type\":\"ListItem\",\"position\":1,\"name\":\"Startseite\",\"item\":\"https:\\\/\\\/www.schomberg-sv.de\\\/\"},{\"@type\":\"ListItem\",\"position\":2,\"name\":\"Fortbildungen\"}]},{\"@type\":\"WebSite\",\"@id\":\"https:\\\/\\\/www.schomberg-sv.de\\\/#website\",\"url\":\"https:\\\/\\\/www.schomberg-sv.de\\\/\",\"name\":\"Dachdecker Sachverst\u00e4ndigenb\u00fcro Matthias Schomberg\",\"description\":\"\u00d6ffentlich bestellter und vereidigter Sachverst\u00e4ndiger f\u00fcr das Dachdeckerhandwerk Dortmund Ruhrgebiet\",\"potentialAction\":[{\"@type\":\"SearchAction\",\"target\":{\"@type\":\"EntryPoint\",\"urlTemplate\":\"https:\\\/\\\/www.schomberg-sv.de\\\/?s={search_term_string}\"},\"query-input\":{\"@type\":\"PropertyValueSpecification\",\"valueRequired\":true,\"valueName\":\"search_term_string\"}}],\"inLanguage\":\"de\"}]}<\/script>\n<!-- \/ Yoast SEO plugin. -->","yoast_head_json":{"title":"Fortbildungen - Dachdecker Sachverst\u00e4ndigenb\u00fcro Matthias Schomberg","description":"Fortbildungen von Matthias Schomberg, \u00d6ffentlich bestellter und vereidigter Sachverst\u00e4ndiger f\u00fcr das Dachdeckerhandwerk Dortmund, Ruhrgebiet, NRW","robots":{"index":"index","follow":"follow","max-snippet":"max-snippet:-1","max-image-preview":"max-image-preview:large","max-video-preview":"max-video-preview:-1"},"canonical":"https:\/\/www.schomberg-sv.de\/index.php\/fortbildungen\/","og_locale":"de_DE","og_type":"article","og_title":"Fortbildungen - Dachdecker Sachverst\u00e4ndigenb\u00fcro Matthias Schomberg","og_description":"Fortbildungen von Matthias Schomberg, \u00d6ffentlich bestellter und vereidigter Sachverst\u00e4ndiger f\u00fcr das Dachdeckerhandwerk Dortmund, Ruhrgebiet, NRW","og_url":"https:\/\/www.schomberg-sv.de\/index.php\/fortbildungen\/","og_site_name":"Dachdecker Sachverst\u00e4ndigenb\u00fcro Matthias Schomberg","article_modified_time":"2024-04-12T08:39:24+00:00","twitter_card":"summary_large_image","schema":{"@context":"https:\/\/schema.org","@graph":[{"@type":"WebPage","@id":"https:\/\/www.schomberg-sv.de\/index.php\/fortbildungen\/","url":"https:\/\/www.schomberg-sv.de\/index.php\/fortbildungen\/","name":"Fortbildungen - Dachdecker Sachverst\u00e4ndigenb\u00fcro Matthias Schomberg","isPartOf":{"@id":"https:\/\/www.schomberg-sv.de\/#website"},"datePublished":"2017-09-04T08:50:09+00:00","dateModified":"2024-04-12T08:39:24+00:00","description":"Fortbildungen von Matthias Schomberg, \u00d6ffentlich bestellter und vereidigter Sachverst\u00e4ndiger f\u00fcr das Dachdeckerhandwerk Dortmund, Ruhrgebiet, NRW","breadcrumb":{"@id":"https:\/\/www.schomberg-sv.de\/index.php\/fortbildungen\/#breadcrumb"},"inLanguage":"de","potentialAction":[{"@type":"ReadAction","target":["https:\/\/www.schomberg-sv.de\/index.php\/fortbildungen\/"]}]},{"@type":"BreadcrumbList","@id":"https:\/\/www.schomberg-sv.de\/index.php\/fortbildungen\/#breadcrumb","itemListElement":[{"@type":"ListItem","position":1,"name":"Startseite","item":"https:\/\/www.schomberg-sv.de\/"},{"@type":"ListItem","position":2,"name":"Fortbildungen"}]},{"@type":"WebSite","@id":"https:\/\/www.schomberg-sv.de\/#website","url":"https:\/\/www.schomberg-sv.de\/","name":"Dachdecker Sachverst\u00e4ndigenb\u00fcro Matthias Schomberg","description":"\u00d6ffentlich bestellter und vereidigter Sachverst\u00e4ndiger f\u00fcr das Dachdeckerhandwerk Dortmund Ruhrgebiet","potentialAction":[{"@type":"SearchAction","target":{"@type":"EntryPoint","urlTemplate":"https:\/\/www.schomberg-sv.de\/?s={search_term_string}"},"query-input":{"@type":"PropertyValueSpecification","valueRequired":true,"valueName":"search_term_string"}}],"inLanguage":"de"}]}},"_links":{"self":[{"href":"https:\/\/www.schomberg-sv.de\/index.php\/wp-json\/wp\/v2\/pages\/13","targetHints":{"allow":["GET"]}}],"collection":[{"href":"https:\/\/www.schomberg-sv.de\/index.php\/wp-json\/wp\/v2\/pages"}],"about":[{"href":"https:\/\/www.schomberg-sv.de\/index.php\/wp-json\/wp\/v2\/types\/page"}],"author":[{"embeddable":true,"href":"https:\/\/www.schomberg-sv.de\/index.php\/wp-json\/wp\/v2\/users\/2"}],"replies":[{"embeddable":true,"href":"https:\/\/www.schomberg-sv.de\/index.php\/wp-json\/wp\/v2\/comments?post=13"}],"version-history":[{"count":17,"href":"https:\/\/www.schomberg-sv.de\/index.php\/wp-json\/wp\/v2\/pages\/13\/revisions"}],"predecessor-version":[{"id":391,"href":"https:\/\/www.schomberg-sv.de\/index.php\/wp-json\/wp\/v2\/pages\/13\/revisions\/391"}],"wp:attachment":[{"href":"https:\/\/www.schomberg-sv.de\/index.php\/wp-json\/wp\/v2\/media?parent=13"}],"curies":[{"name":"wp","href":"https:\/\/api.w.org\/{rel}","templated":true}]}}