{"id":130,"date":"2017-09-11T12:15:14","date_gmt":"2017-09-11T10:15:14","guid":{"rendered":"https:\/\/dev.viality.de\/schomberg\/wordpress\/?page_id=130"},"modified":"2024-04-12T10:38:54","modified_gmt":"2024-04-12T08:38:54","slug":"honorar","status":"publish","type":"page","link":"https:\/\/www.schomberg-sv.de\/index.php\/honorar\/","title":{"rendered":"Honorar"},"content":{"rendered":"<div>\n<h3>Honorar<\/h3>\n<\/div>\n<h3>Honorar<\/h3>\n<div>\n<p>Das Honorar betr\u00e4gt 175 Euro pro Stunde <span class=\"uk-text-small\">(netto zzgl. MwSt.)<\/span> ab Abfahrt B\u00fcro.<\/p>\n<\/div>\n<h3>Spesen<\/h3>\n<div>\n<p>\u00c4hnlich dem JVEG Justizverg\u00fctungs- und -entsch\u00e4digungsgesetz:<\/p>\n<p>Gesetz \u00fcber die Verg\u00fctung von Sachverst\u00e4ndigen, Dolmetscherinnen, Dolmetschern, \u00dcbersetzerinnen und \u00dcbersetzern sowie\u00a0die Entsch\u00e4digung ehrenamtlicher Richterinnen, ehrenamtlicher Richtern,\u00a0Zeuginnen, Zeugen und Dritten.<\/p>\n<\/div>\n<h3>Fahrtkosten<\/h3>\n<div>\n<p>1,00 Euro pro Kilometer <span class=\"uk-text-small\">(netto zzgl. MwSt.)<\/span><\/p>\n<p>Ggf. Kosten f\u00fcr Hilfspersonal nach Absprache<\/p>\n<\/div>\n<h2>Haben Sie Fragen?<\/h2>\n<div>\n<p>Sprechen Sie mich unverbindlich an.<\/p>\n<\/div>\n<p>\n    <a href=\"\/index.php\/kontakt\/\">Kontakt<\/a>\n<\/p>\n<div>\n<p>        <img decoding=\"async\" src=\"\/wp-content\/uploads\/2024\/04\/Schomberg-03.jpg\" alt=\"\"><\/p>\n<h3>Matthias Schomberg<\/h3>\n<div>\n<p>Ringofenstra\u00dfe 45<br \/>44287 Dortmund<\/p>\n<\/div>\n<\/div>\n<p><!--more--><br \/>\n<!-- {\"name\":\"Vorlage Fachbereiche\",\"type\":\"layout\",\"children\":[{\"name\":\"Visual Unterseiten\",\"type\":\"section\",\"props\":{\"animation\":\"fade\",\"animation_delay\":\"200\",\"image\":\"wp-content\\\/uploads\\\/2017\\\/12\\\/schomberg-honorar.jpg\",\"image_effect\":\"parallax\",\"image_parallax_bgy\":\"0,110\",\"image_parallax_breakpoint\":\"l\",\"image_parallax_easing\":\"1\",\"image_position\":\"center-center\",\"image_size\":\"cover\",\"padding\":\"large\",\"style\":\"default\",\"title\":\"\",\"title_breakpoint\":\"xl\",\"title_position\":\"top-left\",\"title_rotation\":\"left\",\"vertical_align\":\"middle\",\"width\":\"expand\"},\"children\":[{\"name\":\"\",\"type\":\"row\",\"props\":{\"column_gap\":\"small\",\"margin\":\"large\",\"match\":false,\"row_gap\":\"small\"},\"children\":[{\"name\":\"\",\"type\":\"column\",\"props\":{\"image\":\"\",\"image_position\":\"center-center\",\"media_overlay_gradient\":\"\",\"position_sticky_breakpoint\":\"m\",\"width_medium\":\"1-1\"},\"children\":[{\"name\":\"\",\"type\":\"panel\",\"props\":{\"content_column_breakpoint\":\"m\",\"icon_width\":80,\"image_align\":\"top\",\"image_grid_breakpoint\":\"m\",\"image_grid_width\":\"1-2\",\"image_svg_color\":\"emphasis\",\"link_style\":\"default\",\"link_text\":\"Read more\",\"margin\":\"default\",\"maxwidth\":\"large\",\"meta_align\":\"below-title\",\"meta_element\":\"div\",\"meta_style\":\"text-meta\",\"panel_padding\":\"default\",\"panel_style\":\"card-primary\",\"title\":\"Honorar\",\"title_align\":\"top\",\"title_element\":\"h3\",\"title_grid_breakpoint\":\"m\",\"title_grid_width\":\"1-2\",\"title_hover_style\":\"reset\",\"title_style\":\"h2\"}}]}]}]},{\"name\":\"About us\",\"type\":\"section\",\"props\":{\"animation_delay\":false,\"id\":\"about-us\",\"image_position\":\"center-center\",\"image_size\":\"cover\",\"padding\":\"large\",\"padding_remove_bottom\":false,\"padding_remove_top\":false,\"style\":\"default\",\"title_breakpoint\":\"xl\",\"title_position\":\"top-left\",\"title_rotation\":\"left\",\"vertical_align\":\"middle\",\"width\":\"default\"},\"children\":[{\"name\":\"\",\"type\":\"row\",\"props\":{\"layout\":\"1-3,2-3\",\"margin\":\"medium\",\"width\":\"default\"},\"children\":[{\"name\":\"\",\"type\":\"column\",\"props\":{\"image_position\":\"center-center\",\"media_overlay_gradient\":\"\",\"position_sticky_breakpoint\":\"m\",\"width_medium\":\"1-3\"},\"children\":[{\"name\":\"\",\"type\":\"headline\",\"props\":{\"content\":\"Honorar\",\"title_decoration\":\"bullet\",\"title_element\":\"h3\"}}]},{\"name\":\"\",\"type\":\"column\",\"props\":{\"image_position\":\"center-center\",\"media_overlay_gradient\":\"\",\"position_sticky_breakpoint\":\"m\",\"width_medium\":\"2-3\"},\"children\":[{\"name\":\"\",\"type\":\"text\",\"props\":{\"column_breakpoint\":\"m\",\"content\":\"\n\n<p>Das Honorar betr\\u00e4gt 175 Euro pro Stunde <span class=\\\"uk-text-small\\\">(netto zzgl. MwSt.)<\\\/span> ab Abfahrt B\\u00fcro.<\\\/p>\",\"dropcap\":false,\"margin\":\"default\"}}]}]},{\"name\":\"\",\"type\":\"row\",\"props\":{\"layout\":\"1-3,2-3\",\"margin\":\"remove-vertical\",\"match\":false,\"vertical_align\":false,\"width\":\"expand\"},\"children\":[{\"name\":\"\",\"type\":\"column\",\"props\":{\"image_position\":\"center-center\",\"media_overlay_gradient\":\"\",\"position_sticky_breakpoint\":\"m\",\"width_medium\":\"1-3\"},\"children\":[{\"name\":\"\",\"type\":\"headline\",\"props\":{\"content\":\"Spesen\",\"title_decoration\":\"bullet\",\"title_element\":\"h3\"}}]},{\"name\":\"\",\"type\":\"column\",\"props\":{\"image_position\":\"center-center\",\"media_overlay_gradient\":\"\",\"position_sticky_breakpoint\":\"m\",\"width_medium\":\"2-3\"},\"children\":[{\"name\":\"\",\"type\":\"text\",\"props\":{\"column_breakpoint\":\"m\",\"content\":\"\n\n<p>\\u00c4hnlich dem JVEG Justizverg\\u00fctungs- und -entsch\\u00e4digungsgesetz:<\\\/p>\\n\n\n<p>Gesetz \\u00fcber die Verg\\u00fctung von Sachverst\\u00e4ndigen, Dolmetscherinnen, Dolmetschern, \\u00dcbersetzerinnen und \\u00dcbersetzern sowie\\u00a0die Entsch\\u00e4digung ehrenamtlicher Richterinnen, ehrenamtlicher Richtern,\\u00a0Zeuginnen, Zeugen und Dritten.<\\\/p>\",\"dropcap\":false,\"margin\":\"default\"}}]}]},{\"name\":\"\",\"type\":\"row\",\"props\":{\"layout\":\"1-3,2-3\",\"margin\":\"medium\",\"match\":false,\"vertical_align\":false,\"width\":\"expand\"},\"children\":[{\"name\":\"\",\"type\":\"column\",\"props\":{\"image_position\":\"center-center\",\"media_overlay_gradient\":\"\",\"position_sticky_breakpoint\":\"m\",\"width_medium\":\"1-3\"},\"children\":[{\"name\":\"\",\"type\":\"headline\",\"props\":{\"content\":\"Fahrtkosten\",\"title_decoration\":\"bullet\",\"title_element\":\"h3\"}}]},{\"name\":\"\",\"type\":\"column\",\"props\":{\"image_position\":\"center-center\",\"media_overlay_gradient\":\"\",\"position_sticky_breakpoint\":\"m\",\"width_medium\":\"2-3\"},\"children\":[{\"name\":\"\",\"type\":\"text\",\"props\":{\"column_breakpoint\":\"m\",\"content\":\"\n\n<p>1,00 Euro pro Kilometer <span class=\\\"uk-text-small\\\">(netto zzgl. MwSt.)<\\\/span><\\\/p>\\n\n\n<p>Ggf. Kosten f\\u00fcr Hilfspersonal nach Absprache<\\\/p>\",\"dropcap\":false,\"margin\":\"default\"}}]}]}]},{\"name\":\"Ansprechpartner\",\"type\":\"section\",\"props\":{\"image_position\":\"center-center\",\"style\":\"muted\",\"title_breakpoint\":\"xl\",\"title_position\":\"top-left\",\"title_rotation\":\"left\",\"vertical_align\":\"middle\",\"width\":\"default\"},\"children\":[{\"name\":\"\",\"type\":\"row\",\"props\":{\"layout\":\"1-2,1-2\",\"vertical_align\":true},\"children\":[{\"name\":\"\",\"type\":\"column\",\"props\":{\"image_position\":\"center-center\",\"media_overlay_gradient\":\"\",\"position_sticky_breakpoint\":\"m\",\"vertical_align\":\"middle\",\"width_medium\":\"1-2\"},\"children\":[{\"name\":\"\",\"type\":\"headline\",\"props\":{\"content\":\"Haben Sie Fragen?\",\"title_element\":\"h2\"}},{\"name\":\"\",\"type\":\"text\",\"props\":{\"column_breakpoint\":\"m\",\"content\":\"\n\n<p>Sprechen Sie mich unverbindlich an.<\\\/p>\",\"margin\":\"default\"}},{\"name\":\"\",\"type\":\"button\",\"props\":{\"grid_column_gap\":\"small\",\"grid_row_gap\":\"small\",\"margin\":\"default\"},\"children\":[{\"name\":\"\",\"type\":\"button_item\",\"props\":{\"button_style\":\"primary\",\"content\":\"Kontakt\",\"icon_align\":\"left\",\"link\":\".\\\/index.php\\\/kontakt\\\/\"}}]}]},{\"name\":\"\",\"type\":\"column\",\"props\":{\"image_position\":\"center-center\",\"media_overlay_gradient\":\"\",\"position_sticky_breakpoint\":\"m\",\"vertical_align\":\"middle\",\"width_medium\":\"1-2\"},\"children\":[{\"name\":\"\",\"type\":\"panel\",\"props\":{\"content\":\"\n\n<p>Ringofenstra\\u00dfe 45<br \\\/>44287 Dortmund<\\\/p>\",\"content_column_breakpoint\":\"m\",\"icon_width\":80,\"image\":\"wp-content\\\/uploads\\\/2024\\\/04\\\/Schomberg-03.jpg\",\"image_align\":\"right\",\"image_grid_breakpoint\":\"\",\"image_grid_width\":\"1-2\",\"image_svg_color\":\"emphasis\",\"link_style\":\"default\",\"link_text\":\"Read more\",\"margin\":\"default\",\"meta\":\"\",\"meta_align\":\"above-title\",\"meta_element\":\"div\",\"meta_style\":\"text-meta\",\"panel_padding\":\"default\",\"panel_style\":\"card-default\",\"title\":\"Matthias Schomberg\",\"title_align\":\"top\",\"title_element\":\"h3\",\"title_grid_breakpoint\":\"m\",\"title_grid_width\":\"1-2\",\"title_hover_style\":\"reset\",\"title_margin\":\"remove\"}}]}]}]}],\"version\":\"3.0.14\"} --><\/p>\n","protected":false},"excerpt":{"rendered":"<p>Honorar Honorar Das Honorar betr\u00e4gt 175 Euro pro Stunde (netto zzgl. MwSt.) ab Abfahrt B\u00fcro. Spesen \u00c4hnlich dem JVEG Justizverg\u00fctungs- und -entsch\u00e4digungsgesetz: Gesetz \u00fcber die Verg\u00fctung von Sachverst\u00e4ndigen, Dolmetscherinnen, Dolmetschern, \u00dcbersetzerinnen und \u00dcbersetzern sowie\u00a0die Entsch\u00e4digung ehrenamtlicher Richterinnen, ehrenamtlicher Richtern,\u00a0Zeuginnen, Zeugen und Dritten. Fahrtkosten 1,00 Euro pro Kilometer (netto zzgl. MwSt.) Ggf. Kosten f\u00fcr Hilfspersonal nach [&hellip;]<\/p>\n","protected":false},"author":2,"featured_media":0,"parent":0,"menu_order":0,"comment_status":"closed","ping_status":"closed","template":"","meta":{"footnotes":""},"class_list":["post-130","page","type-page","status-publish","hentry"],"yoast_head":"<!-- This site is optimized with the Yoast SEO plugin v27.3 - https:\/\/yoast.com\/product\/yoast-seo-wordpress\/ -->\n<title>Honorar - Dachdecker Sachverst\u00e4ndigenb\u00fcro Matthias Schomberg<\/title>\n<meta name=\"description\" content=\"Honorar von Matthias Schomberg, \u00d6ffentlich bestellter und vereidigter Sachverst\u00e4ndiger f\u00fcr das Dachdeckerhandwerk Dortmund, Ruhrgebiet, NRW\" \/>\n<meta name=\"robots\" content=\"index, follow, max-snippet:-1, max-image-preview:large, max-video-preview:-1\" \/>\n<link rel=\"canonical\" href=\"https:\/\/www.schomberg-sv.de\/index.php\/honorar\/\" \/>\n<meta property=\"og:locale\" content=\"de_DE\" \/>\n<meta property=\"og:type\" content=\"article\" \/>\n<meta property=\"og:title\" content=\"Honorar - Dachdecker Sachverst\u00e4ndigenb\u00fcro Matthias Schomberg\" \/>\n<meta property=\"og:description\" content=\"Honorar von Matthias Schomberg, \u00d6ffentlich bestellter und vereidigter Sachverst\u00e4ndiger f\u00fcr das Dachdeckerhandwerk Dortmund, Ruhrgebiet, NRW\" \/>\n<meta property=\"og:url\" content=\"https:\/\/www.schomberg-sv.de\/index.php\/honorar\/\" \/>\n<meta property=\"og:site_name\" content=\"Dachdecker Sachverst\u00e4ndigenb\u00fcro Matthias Schomberg\" \/>\n<meta property=\"article:modified_time\" content=\"2024-04-12T08:38:54+00:00\" \/>\n<meta name=\"twitter:card\" content=\"summary_large_image\" \/>\n<script type=\"application\/ld+json\" class=\"yoast-schema-graph\">{\"@context\":\"https:\\\/\\\/schema.org\",\"@graph\":[{\"@type\":\"WebPage\",\"@id\":\"https:\\\/\\\/www.schomberg-sv.de\\\/index.php\\\/honorar\\\/\",\"url\":\"https:\\\/\\\/www.schomberg-sv.de\\\/index.php\\\/honorar\\\/\",\"name\":\"Honorar - Dachdecker Sachverst\u00e4ndigenb\u00fcro Matthias Schomberg\",\"isPartOf\":{\"@id\":\"https:\\\/\\\/www.schomberg-sv.de\\\/#website\"},\"datePublished\":\"2017-09-11T10:15:14+00:00\",\"dateModified\":\"2024-04-12T08:38:54+00:00\",\"description\":\"Honorar von Matthias Schomberg, \u00d6ffentlich bestellter und vereidigter Sachverst\u00e4ndiger f\u00fcr das Dachdeckerhandwerk Dortmund, Ruhrgebiet, NRW\",\"breadcrumb\":{\"@id\":\"https:\\\/\\\/www.schomberg-sv.de\\\/index.php\\\/honorar\\\/#breadcrumb\"},\"inLanguage\":\"de\",\"potentialAction\":[{\"@type\":\"ReadAction\",\"target\":[\"https:\\\/\\\/www.schomberg-sv.de\\\/index.php\\\/honorar\\\/\"]}]},{\"@type\":\"BreadcrumbList\",\"@id\":\"https:\\\/\\\/www.schomberg-sv.de\\\/index.php\\\/honorar\\\/#breadcrumb\",\"itemListElement\":[{\"@type\":\"ListItem\",\"position\":1,\"name\":\"Startseite\",\"item\":\"https:\\\/\\\/www.schomberg-sv.de\\\/\"},{\"@type\":\"ListItem\",\"position\":2,\"name\":\"Honorar\"}]},{\"@type\":\"WebSite\",\"@id\":\"https:\\\/\\\/www.schomberg-sv.de\\\/#website\",\"url\":\"https:\\\/\\\/www.schomberg-sv.de\\\/\",\"name\":\"Dachdecker Sachverst\u00e4ndigenb\u00fcro Matthias Schomberg\",\"description\":\"\u00d6ffentlich bestellter und vereidigter Sachverst\u00e4ndiger f\u00fcr das Dachdeckerhandwerk Dortmund Ruhrgebiet\",\"potentialAction\":[{\"@type\":\"SearchAction\",\"target\":{\"@type\":\"EntryPoint\",\"urlTemplate\":\"https:\\\/\\\/www.schomberg-sv.de\\\/?s={search_term_string}\"},\"query-input\":{\"@type\":\"PropertyValueSpecification\",\"valueRequired\":true,\"valueName\":\"search_term_string\"}}],\"inLanguage\":\"de\"}]}<\/script>\n<!-- \/ Yoast SEO plugin. -->","yoast_head_json":{"title":"Honorar - Dachdecker Sachverst\u00e4ndigenb\u00fcro Matthias Schomberg","description":"Honorar von Matthias Schomberg, \u00d6ffentlich bestellter und vereidigter Sachverst\u00e4ndiger f\u00fcr das Dachdeckerhandwerk Dortmund, Ruhrgebiet, NRW","robots":{"index":"index","follow":"follow","max-snippet":"max-snippet:-1","max-image-preview":"max-image-preview:large","max-video-preview":"max-video-preview:-1"},"canonical":"https:\/\/www.schomberg-sv.de\/index.php\/honorar\/","og_locale":"de_DE","og_type":"article","og_title":"Honorar - Dachdecker Sachverst\u00e4ndigenb\u00fcro Matthias Schomberg","og_description":"Honorar von Matthias Schomberg, \u00d6ffentlich bestellter und vereidigter Sachverst\u00e4ndiger f\u00fcr das Dachdeckerhandwerk Dortmund, Ruhrgebiet, NRW","og_url":"https:\/\/www.schomberg-sv.de\/index.php\/honorar\/","og_site_name":"Dachdecker Sachverst\u00e4ndigenb\u00fcro Matthias Schomberg","article_modified_time":"2024-04-12T08:38:54+00:00","twitter_card":"summary_large_image","schema":{"@context":"https:\/\/schema.org","@graph":[{"@type":"WebPage","@id":"https:\/\/www.schomberg-sv.de\/index.php\/honorar\/","url":"https:\/\/www.schomberg-sv.de\/index.php\/honorar\/","name":"Honorar - Dachdecker Sachverst\u00e4ndigenb\u00fcro Matthias Schomberg","isPartOf":{"@id":"https:\/\/www.schomberg-sv.de\/#website"},"datePublished":"2017-09-11T10:15:14+00:00","dateModified":"2024-04-12T08:38:54+00:00","description":"Honorar von Matthias Schomberg, \u00d6ffentlich bestellter und vereidigter Sachverst\u00e4ndiger f\u00fcr das Dachdeckerhandwerk Dortmund, Ruhrgebiet, NRW","breadcrumb":{"@id":"https:\/\/www.schomberg-sv.de\/index.php\/honorar\/#breadcrumb"},"inLanguage":"de","potentialAction":[{"@type":"ReadAction","target":["https:\/\/www.schomberg-sv.de\/index.php\/honorar\/"]}]},{"@type":"BreadcrumbList","@id":"https:\/\/www.schomberg-sv.de\/index.php\/honorar\/#breadcrumb","itemListElement":[{"@type":"ListItem","position":1,"name":"Startseite","item":"https:\/\/www.schomberg-sv.de\/"},{"@type":"ListItem","position":2,"name":"Honorar"}]},{"@type":"WebSite","@id":"https:\/\/www.schomberg-sv.de\/#website","url":"https:\/\/www.schomberg-sv.de\/","name":"Dachdecker Sachverst\u00e4ndigenb\u00fcro Matthias Schomberg","description":"\u00d6ffentlich bestellter und vereidigter Sachverst\u00e4ndiger f\u00fcr das Dachdeckerhandwerk Dortmund Ruhrgebiet","potentialAction":[{"@type":"SearchAction","target":{"@type":"EntryPoint","urlTemplate":"https:\/\/www.schomberg-sv.de\/?s={search_term_string}"},"query-input":{"@type":"PropertyValueSpecification","valueRequired":true,"valueName":"search_term_string"}}],"inLanguage":"de"}]}},"_links":{"self":[{"href":"https:\/\/www.schomberg-sv.de\/index.php\/wp-json\/wp\/v2\/pages\/130","targetHints":{"allow":["GET"]}}],"collection":[{"href":"https:\/\/www.schomberg-sv.de\/index.php\/wp-json\/wp\/v2\/pages"}],"about":[{"href":"https:\/\/www.schomberg-sv.de\/index.php\/wp-json\/wp\/v2\/types\/page"}],"author":[{"embeddable":true,"href":"https:\/\/www.schomberg-sv.de\/index.php\/wp-json\/wp\/v2\/users\/2"}],"replies":[{"embeddable":true,"href":"https:\/\/www.schomberg-sv.de\/index.php\/wp-json\/wp\/v2\/comments?post=130"}],"version-history":[{"count":22,"href":"https:\/\/www.schomberg-sv.de\/index.php\/wp-json\/wp\/v2\/pages\/130\/revisions"}],"predecessor-version":[{"id":390,"href":"https:\/\/www.schomberg-sv.de\/index.php\/wp-json\/wp\/v2\/pages\/130\/revisions\/390"}],"wp:attachment":[{"href":"https:\/\/www.schomberg-sv.de\/index.php\/wp-json\/wp\/v2\/media?parent=130"}],"curies":[{"name":"wp","href":"https:\/\/api.w.org\/{rel}","templated":true}]}}