{"id":2,"date":"2017-08-02T10:56:59","date_gmt":"2017-08-02T08:56:59","guid":{"rendered":"https:\/\/dev.viality.de\/schomberg\/wordpress\/?page_id=2"},"modified":"2024-04-12T10:35:39","modified_gmt":"2024-04-12T08:35:39","slug":"startseite","status":"publish","type":"page","link":"https:\/\/www.schomberg-sv.de\/","title":{"rendered":"Startseite"},"content":{"rendered":"<div>\n<h1>Ihr Sachverst\u00e4ndiger f\u00fcr das Dachdeckerhandwerk<\/h1>\n<\/div>\n<h3>Willkommen beim <br class=\"uk-visible@m\"><br \/>\nSachverst\u00e4ndigenb\u00fcro<br class=\"uk-visible@m\"><br \/>\nMatthias Schomberg<\/h3>\n<div>\n<p>Matthias Schomberg ist \u00f6ffentlich bestellter und vereidigter Sachverst\u00e4ndiger f\u00fcr das Dachdeckerhandwerk. Zu seinem Fachbereich geh\u00f6ren Dachdeckungen, Au\u00dfenwandbekleidungen, Abdichtungen und Metallarbeiten im Dachdeckerhandwerk. <\/p>\n<\/div>\n<p>\n    <a href=\"\/index.php\/leistungen\/\">Zu den Leistungen<\/a>\n<\/p>\n<h3>Welche Vorteile hat ein \u00f6ffentlich bestellter und vereidigter Sachverst\u00e4ndiger?<\/h3>\n<div>\n<p>Wer <span class=\"uk-text-primary\">\u00f6ffentlich bestellte und vereidigte Sachverst\u00e4ndige<\/span> beauftragt, erh\u00e4lt <span class=\"uk-text-primary\">Sicherheit<\/span> f\u00fcr unternehmerische, gerichtliche und private Entscheidungen.<\/p>\n<p>Denn \u00f6ffentlich bestellte und vereidigte Sachverst\u00e4ndige zeichnen sich durch <span class=\"uk-text-primary\">besondere Sachkunde<\/span>, einer \u00fcberdurchschnittlichen fachlichen Expertise, Objektivit\u00e4t und Vertrauensw\u00fcrdigkeit aus. Sie ermitteln unter anderem Schadensursachen und stellen Umfang und H\u00f6he von Sch\u00e4den fest.<\/p>\n<p>Sie sind zu <span class=\"uk-text-primary\">unparteiischer und unabh\u00e4ngiger Gutachtenerstellung<\/span> verpflichtet. Die Gutachten dienen nur zur Kl\u00e4rung von Rechtsstreitigkeiten vor Gericht und k\u00f6nnen im Vorfeld dazu beitragen, gerichtliche Auseinandersetzungen zu vermeiden. Ein \u00f6ffentlich bestellter Sachverst\u00e4ndiger hat ein <span class=\"uk-text-primary\">anspruchsvolles Pr\u00fcf- und Auswahlverfahren<\/span> durchlaufen, bei dem er seine <span class=\"uk-text-primary\">pers\u00f6nliche Eignung<\/span>, hohe <span class=\"uk-text-primary\">Fachkompetenz und F\u00e4higkeit zur Gutachtenerstellung<\/span> unter Beweis stellen musste. Diese Sachverst\u00e4ndige unterliegen der st\u00e4ndigen <span class=\"uk-text-primary\">Aufsicht durch die Bestellungsk\u00f6rperschaft<\/span>.<\/p>\n<p>Bei Herrn Matthias Schomberg ist das die<br \/> <a href=\"https:\/\/www.hwk-do.de\/de\" target=\"_blank\" rel=\"noopener\">Handwerkskammer Dortmund<\/a>.<\/p>\n<\/div>\n<h3>Matthias Schomberg kann f\u00fcr Sie:<\/h3>\n<div>\n<p>        <img decoding=\"async\" src=\"\/wp-content\/uploads\/2017\/12\/fachlicher-streit.jpg\" alt=\"\"><\/p>\n<h3>Fachlichen Streit kl\u00e4ren<\/h3>\n<\/div>\n<div>Sie sehen Fehler beim Bau Ihres Daches oder der Sanierung? Matthias Schomberg \u00fcberpr\u00fcft den Sachverhalt fachlich objektiv und versucht durch Schlichtung eine gute L\u00f6sung zu finden. L\u00e4sst sich dadurch der Streit nicht beilegen, erstellt er ein fundiertes Gutachten zur (au\u00dfer-) gerichtlichen Kl\u00e4rung.<\/div>\n<div>\n<p>        <img decoding=\"async\" src=\"\/wp-content\/uploads\/2017\/12\/schaeden-beurteilen.jpg\" alt=\"\"><\/p>\n<h3>Sch\u00e4den beurteilen<\/h3>\n<\/div>\n<div>Matthias Schomberg hilft Ihnen schnell, die Ursache des Schadens festzustellen. Gerade bei wetterbedingten Sch\u00e4den \u2013 zum Bespiel durch Sturm oder Hagel \u2013 hilft seine Expertise, dass Sie die passende H\u00f6he f\u00fcr die Regulierung des Schadens von Ihrer Versicherung erhalten.<\/div>\n<div>\n<p>        <img decoding=\"async\" src=\"\/wp-content\/uploads\/2017\/12\/dachzustand-beurteilen.jpg\" alt=\"\"><\/p>\n<h3>Dachzustand beurteilen<\/h3>\n<\/div>\n<div>Wenn Sie nicht wissen, ob Ihr Dach noch sicher genug ist, um den n\u00e4chsten Sturm zu \u00fcberstehen, hilft Matthias Schomberg gerne. Nach einer Dachbesichtigung kann er Handlungsempfehlungen geben, die Ihnen Sicherheit verschaffen.<\/div>\n<div>\n<p>        <img decoding=\"async\" src=\"\/wp-content\/uploads\/2017\/12\/dachsanierung-planen.jpg\" alt=\"\"><\/p>\n<h3>Dachsanierung planen und begleiten<\/h3>\n<\/div>\n<div>Matthias Schomberg plant Ihre Sanierung, und verfasst neutrale Ausschreibungen nach den aktuellen Fachregeln. Durch seine Fachbaubegleitung haben Sie durchg\u00e4ngige Qualit\u00e4tssicherung bis zur erfolgreichen und m\u00e4ngelfreien Abnahme.<\/div>\n<h2>Haben Sie Fragen?<\/h2>\n<div>Sprechen Sie mich unverbindlich an!<\/div>\n<p>\n    <a href=\"\/index.php\/kontakt\/\">Kontakt<\/a>\n<\/p>\n<div>\n<p>        <img decoding=\"async\" src=\"\/wp-content\/uploads\/2024\/04\/Schomberg-03.jpg\" alt=\"\"><\/p>\n<h3>Matthias Schomberg<\/h3>\n<div>\n<p>Ringofenstra\u00dfe 45 <br \/>44287 Dortmund<\/p>\n<p><img decoding=\"async\" src=\"\/wp-content\/uploads\/2017\/09\/sachverst-logo.gif\" \/><\/p>\n<\/div>\n<\/div>\n<p><!--more--><br \/>\n<!-- {\"name\":\"\",\"type\":\"layout\",\"children\":[{\"name\":\"Keyvisual\",\"type\":\"section\",\"props\":{\"animation\":\"slide-left\",\"animation_delay\":\"200\",\"image\":\"wp-content\\\/uploads\\\/2017\\\/12\\\/schomberg-sachverstaendigenbuero.jpg\",\"image_effect\":\"parallax\",\"image_parallax_bgy\":\"0,110\",\"image_parallax_breakpoint\":\"l\",\"image_parallax_easing\":\"1\",\"image_position\":\"center-center\",\"image_size\":\"cover\",\"padding\":\"xlarge\",\"style\":\"default\",\"title\":\"\",\"title_breakpoint\":\"xl\",\"title_position\":\"top-left\",\"title_rotation\":\"left\",\"vertical_align\":\"middle\",\"width\":\"expand\"},\"children\":[{\"name\":\"\",\"type\":\"row\",\"props\":{\"column_gap\":\"small\",\"margin\":\"large\",\"match\":false,\"row_gap\":\"small\"},\"children\":[{\"name\":\"\",\"type\":\"column\",\"props\":{\"image\":\"\",\"image_position\":\"center-center\",\"media_overlay_gradient\":\"\",\"position_sticky_breakpoint\":\"m\",\"width_medium\":\"1-1\"},\"children\":[{\"name\":\"\",\"type\":\"panel\",\"props\":{\"animation\":\"slide-right\",\"block_align\":\"right\",\"content_column_breakpoint\":\"m\",\"icon_width\":80,\"image_align\":\"top\",\"image_grid_breakpoint\":\"m\",\"image_grid_width\":\"1-2\",\"image_svg_color\":\"emphasis\",\"link_style\":\"default\",\"link_text\":\"Read more\",\"margin\":\"default\",\"maxwidth\":\"xlarge\",\"meta_align\":\"below-title\",\"meta_element\":\"div\",\"meta_style\":\"text-meta\",\"panel_padding\":\"default\",\"panel_style\":\"card-secondary\",\"title\":\"Ihr Sachverst\\u00e4ndiger f\\u00fcr das Dachdeckerhandwerk\",\"title_align\":\"top\",\"title_element\":\"h1\",\"title_grid_breakpoint\":\"m\",\"title_grid_width\":\"1-2\",\"title_hover_style\":\"reset\",\"title_style\":\"h2\"}}]}]}]},{\"name\":\"About us\",\"type\":\"section\",\"props\":{\"animation_delay\":false,\"id\":\"about-us\",\"image_position\":\"center-center\",\"image_size\":\"cover\",\"padding\":\"large\",\"padding_remove_bottom\":false,\"padding_remove_top\":false,\"style\":\"default\",\"title_breakpoint\":\"xl\",\"title_position\":\"top-left\",\"title_rotation\":\"left\",\"vertical_align\":\"middle\",\"width\":\"default\"},\"children\":[{\"name\":\"\",\"type\":\"row\",\"props\":{\"layout\":\"1-3,2-3\",\"margin\":\"xlarge\",\"width\":\"default\"},\"children\":[{\"name\":\"\",\"type\":\"column\",\"props\":{\"image_position\":\"center-center\",\"media_overlay_gradient\":\"\",\"position_sticky_breakpoint\":\"m\",\"width_medium\":\"1-3\"},\"children\":[{\"name\":\"\",\"type\":\"headline\",\"props\":{\"content\":\"Willkommen beim <br class=\\\"uk-visible@m\\\">\\nSachverst\\u00e4ndigenb\\u00fcro<br class=\\\"uk-visible@m\\\">\\nMatthias Schomberg\",\"title_decoration\":\"bullet\",\"title_element\":\"h3\"}}]},{\"name\":\"\",\"type\":\"column\",\"props\":{\"image_position\":\"center-center\",\"media_overlay_gradient\":\"\",\"position_sticky_breakpoint\":\"m\",\"width_medium\":\"2-3\"},\"children\":[{\"name\":\"\",\"type\":\"text\",\"props\":{\"column_breakpoint\":\"m\",\"content\":\"\n\n<p>Matthias Schomberg ist \\u00f6ffentlich bestellter und vereidigter Sachverst\\u00e4ndiger f\\u00fcr das Dachdeckerhandwerk. Zu seinem Fachbereich geh\\u00f6ren Dachdeckungen, Au\\u00dfenwandbekleidungen, Abdichtungen und Metallarbeiten im Dachdeckerhandwerk. <\\\/p>\\n\",\"dropcap\":false,\"margin\":\"default\",\"text_style\":\"lead\"}},{\"name\":\"\",\"type\":\"button\",\"props\":{\"grid_column_gap\":\"small\",\"grid_row_gap\":\"small\",\"margin\":\"default\"},\"children\":[{\"name\":\"\",\"type\":\"button_item\",\"props\":{\"button_style\":\"primary\",\"content\":\"Zu den Leistungen\",\"icon_align\":\"left\",\"link\":\".\\\/index.php\\\/leistungen\\\/\"}}]}]}]},{\"name\":\"\",\"type\":\"row\",\"props\":{\"layout\":\"1-3,2-3\",\"margin\":\"xlarge\"},\"children\":[{\"name\":\"\",\"type\":\"column\",\"props\":{\"image_position\":\"center-center\",\"media_overlay_gradient\":\"\",\"position_sticky_breakpoint\":\"m\",\"width_medium\":\"1-3\"},\"children\":[{\"name\":\"\",\"type\":\"headline\",\"props\":{\"content\":\"Welche Vorteile hat ein \\u00f6ffentlich bestellter und vereidigter Sachverst\\u00e4ndiger?\",\"title_decoration\":\"bullet\",\"title_element\":\"h3\"}}]},{\"name\":\"\",\"type\":\"column\",\"props\":{\"image_position\":\"center-center\",\"media_overlay_gradient\":\"\",\"position_sticky_breakpoint\":\"m\",\"width_medium\":\"2-3\"},\"children\":[{\"name\":\"\",\"type\":\"text\",\"props\":{\"column\":\"1-2\",\"column_breakpoint\":\"m\",\"content\":\"\n\n<p>Wer <span class=\\\"uk-text-primary\\\">\\u00f6ffentlich bestellte und vereidigte Sachverst\\u00e4ndige<\\\/span> beauftragt, erh\\u00e4lt <span class=\\\"uk-text-primary\\\">Sicherheit<\\\/span> f\\u00fcr unternehmerische, gerichtliche und private Entscheidungen.<\\\/p>\\n\n\n<p>Denn \\u00f6ffentlich bestellte und vereidigte Sachverst\\u00e4ndige zeichnen sich durch <span class=\\\"uk-text-primary\\\">besondere Sachkunde<\\\/span>, einer \\u00fcberdurchschnittlichen fachlichen Expertise, Objektivit\\u00e4t und Vertrauensw\\u00fcrdigkeit aus. Sie ermitteln unter anderem Schadensursachen und stellen Umfang und H\\u00f6he von Sch\\u00e4den fest.<\\\/p>\\n\n\n<p>Sie sind zu <span class=\\\"uk-text-primary\\\">unparteiischer und unabh\\u00e4ngiger Gutachtenerstellung<\\\/span> verpflichtet. Die Gutachten dienen nur zur Kl\\u00e4rung von Rechtsstreitigkeiten vor Gericht und k\\u00f6nnen im Vorfeld dazu beitragen, gerichtliche Auseinandersetzungen zu vermeiden. Ein \\u00f6ffentlich bestellter Sachverst\\u00e4ndiger hat ein <span class=\\\"uk-text-primary\\\">anspruchsvolles Pr\\u00fcf- und Auswahlverfahren<\\\/span> durchlaufen, bei dem er seine <span class=\\\"uk-text-primary\\\">pers\\u00f6nliche Eignung<\\\/span>, hohe <span class=\\\"uk-text-primary\\\">Fachkompetenz und F\\u00e4higkeit zur Gutachtenerstellung<\\\/span> unter Beweis stellen musste. Diese Sachverst\\u00e4ndige unterliegen der st\\u00e4ndigen <span class=\\\"uk-text-primary\\\">Aufsicht durch die Bestellungsk\\u00f6rperschaft<\\\/span>.<\\\/p>\\n\n\n<p>Bei Herrn Matthias Schomberg ist das die<br \\\/> <a href=\\\"https:\\\/\\\/www.hwk-do.de\\\/de\\\" target=\\\"_blank\\\" rel=\\\"noopener\\\">Handwerkskammer Dortmund<\\\/a>.<\\\/p>\",\"margin\":\"default\"}}]}]},{\"name\":\"\",\"type\":\"row\",\"props\":{\"margin\":\"large\"},\"children\":[{\"name\":\"\",\"type\":\"column\",\"props\":{\"image_position\":\"center-center\",\"media_overlay_gradient\":\"\",\"position_sticky_breakpoint\":\"m\",\"width_medium\":\"1-1\"}}]},{\"name\":\"\",\"type\":\"row\",\"props\":{\"match\":false,\"vertical_align\":false,\"width\":\"expand\"},\"children\":[{\"name\":\"\",\"type\":\"column\",\"props\":{\"image_position\":\"center-center\",\"media_overlay_gradient\":\"\",\"position_sticky_breakpoint\":\"m\",\"width_medium\":\"1-1\"},\"children\":[{\"name\":\"\",\"type\":\"headline\",\"props\":{\"content\":\"Matthias Schomberg kann f\\u00fcr Sie:\",\"margin_remove_bottom\":false,\"title_decoration\":\"bullet\",\"title_element\":\"h3\"}}]}]},{\"name\":\"\",\"type\":\"row\",\"props\":{\"layout\":\"1-2,1-2\",\"margin\":\"small\"},\"children\":[{\"name\":\"\",\"type\":\"column\",\"props\":{\"image_position\":\"center-center\",\"media_overlay_gradient\":\"\",\"position_sticky_breakpoint\":\"m\",\"width_medium\":\"1-2\"},\"children\":[{\"name\":\"\",\"type\":\"overlay\",\"props\":{\"content\":\"\",\"css\":\".uk-overlay-default {\\n    background: rgba(255,255,255,0.85);\\n}\",\"image\":\"wp-content\\\/uploads\\\/2017\\\/12\\\/fachlicher-streit.jpg\",\"link_style\":\"default\",\"link_text\":\"\",\"margin\":\"default\",\"meta_align\":\"below-title\",\"meta_element\":\"div\",\"meta_style\":\"text-meta\",\"overlay_hover\":false,\"overlay_link\":true,\"overlay_mode\":\"caption\",\"overlay_position\":\"bottom\",\"overlay_style\":\"overlay-primary\",\"overlay_transition\":\"fade\",\"text_align\":\"center\",\"text_color\":\"\",\"title\":\"Fachlichen Streit kl\\u00e4ren\",\"title_element\":\"h3\",\"title_hover_style\":\"reset\"}},{\"name\":\"\",\"type\":\"text\",\"props\":{\"column_breakpoint\":\"m\",\"content\":\"Sie sehen Fehler beim Bau Ihres Daches oder der Sanierung? Matthias Schomberg \\u00fcberpr\\u00fcft den Sachverhalt fachlich objektiv und versucht durch Schlichtung eine gute L\\u00f6sung zu finden. L\\u00e4sst sich dadurch der Streit nicht beilegen, erstellt er ein fundiertes Gutachten zur (au\\u00dfer-) gerichtlichen Kl\\u00e4rung.\",\"margin\":\"default\"}}]},{\"name\":\"\",\"type\":\"column\",\"props\":{\"image_position\":\"center-center\",\"media_overlay_gradient\":\"\",\"position_sticky_breakpoint\":\"m\",\"width_medium\":\"1-2\"},\"children\":[{\"name\":\"\",\"type\":\"overlay\",\"props\":{\"content\":\"\",\"image\":\"wp-content\\\/uploads\\\/2017\\\/12\\\/schaeden-beurteilen.jpg\",\"link_style\":\"default\",\"link_text\":\"\",\"margin\":\"default\",\"meta_align\":\"below-title\",\"meta_element\":\"div\",\"meta_style\":\"text-meta\",\"overlay_hover\":false,\"overlay_link\":true,\"overlay_mode\":\"caption\",\"overlay_position\":\"bottom\",\"overlay_style\":\"overlay-primary\",\"overlay_transition\":\"fade\",\"text_align\":\"center\",\"text_color\":\"light\",\"title\":\"Sch\\u00e4den beurteilen\",\"title_element\":\"h3\",\"title_hover_style\":\"reset\"}},{\"name\":\"\",\"type\":\"text\",\"props\":{\"column_breakpoint\":\"m\",\"content\":\"Matthias Schomberg hilft Ihnen schnell, die Ursache des Schadens festzustellen. Gerade bei wetterbedingten Sch\\u00e4den \\u2013 zum Bespiel durch Sturm oder Hagel \\u2013 hilft seine Expertise, dass Sie die passende H\\u00f6he f\\u00fcr die Regulierung des Schadens von Ihrer Versicherung erhalten.\",\"margin\":\"default\"}}]}]},{\"name\":\"\",\"type\":\"row\",\"props\":{\"layout\":\"1-2,1-2\",\"margin\":\"large\"},\"children\":[{\"name\":\"\",\"type\":\"column\",\"props\":{\"image_position\":\"center-center\",\"media_overlay_gradient\":\"\",\"position_sticky_breakpoint\":\"m\",\"width_medium\":\"1-2\"},\"children\":[{\"name\":\"\",\"type\":\"overlay\",\"props\":{\"content\":\"\",\"image\":\"wp-content\\\/uploads\\\/2017\\\/12\\\/dachzustand-beurteilen.jpg\",\"link_style\":\"default\",\"link_text\":\"\",\"margin\":\"default\",\"meta_align\":\"below-title\",\"meta_element\":\"div\",\"meta_style\":\"text-meta\",\"overlay_hover\":false,\"overlay_link\":true,\"overlay_mode\":\"caption\",\"overlay_position\":\"bottom\",\"overlay_style\":\"overlay-primary\",\"overlay_transition\":\"fade\",\"text_align\":\"center\",\"text_color\":\"light\",\"title\":\"Dachzustand beurteilen\",\"title_element\":\"h3\",\"title_hover_style\":\"reset\"}},{\"name\":\"\",\"type\":\"text\",\"props\":{\"column_breakpoint\":\"m\",\"content\":\"Wenn Sie nicht wissen, ob Ihr Dach noch sicher genug ist, um den n\\u00e4chsten Sturm zu \\u00fcberstehen, hilft Matthias Schomberg gerne. Nach einer Dachbesichtigung kann er Handlungsempfehlungen geben, die Ihnen Sicherheit verschaffen.\",\"margin\":\"default\"}}]},{\"name\":\"\",\"type\":\"column\",\"props\":{\"image_position\":\"center-center\",\"media_overlay_gradient\":\"\",\"position_sticky_breakpoint\":\"m\",\"width_medium\":\"1-2\"},\"children\":[{\"name\":\"\",\"type\":\"overlay\",\"props\":{\"content\":\"\",\"image\":\"wp-content\\\/uploads\\\/2017\\\/12\\\/dachsanierung-planen.jpg\",\"link_style\":\"default\",\"link_text\":\"\",\"margin\":\"default\",\"meta_align\":\"below-title\",\"meta_element\":\"div\",\"meta_style\":\"text-meta\",\"overlay_hover\":false,\"overlay_link\":true,\"overlay_mode\":\"caption\",\"overlay_position\":\"bottom\",\"overlay_style\":\"overlay-primary\",\"overlay_transition\":\"fade\",\"text_align\":\"center\",\"text_color\":\"light\",\"title\":\"Dachsanierung planen und begleiten\",\"title_element\":\"h3\",\"title_hover_style\":\"reset\"}},{\"name\":\"\",\"type\":\"text\",\"props\":{\"column_breakpoint\":\"m\",\"content\":\"Matthias Schomberg plant Ihre Sanierung, und verfasst neutrale Ausschreibungen nach den aktuellen Fachregeln. Durch seine Fachbaubegleitung haben Sie durchg\\u00e4ngige Qualit\\u00e4tssicherung bis zur erfolgreichen und m\\u00e4ngelfreien Abnahme.\",\"margin\":\"default\"}}]}]}]},{\"name\":\"Ansprechpartner\",\"type\":\"section\",\"props\":{\"image_position\":\"center-center\",\"style\":\"muted\",\"title_breakpoint\":\"xl\",\"title_position\":\"top-left\",\"title_rotation\":\"left\",\"vertical_align\":\"middle\",\"width\":\"default\"},\"children\":[{\"name\":\"\",\"type\":\"row\",\"props\":{\"layout\":\"1-2,1-2\",\"vertical_align\":true},\"children\":[{\"name\":\"\",\"type\":\"column\",\"props\":{\"image_position\":\"center-center\",\"media_overlay_gradient\":\"\",\"position_sticky_breakpoint\":\"m\",\"vertical_align\":\"middle\",\"width_medium\":\"1-2\"},\"children\":[{\"name\":\"\",\"type\":\"headline\",\"props\":{\"content\":\"Haben Sie Fragen?\",\"title_element\":\"h2\"}},{\"name\":\"\",\"type\":\"text\",\"props\":{\"column_breakpoint\":\"m\",\"content\":\"Sprechen Sie mich unverbindlich an!\",\"margin\":\"default\"}},{\"name\":\"\",\"type\":\"button\",\"props\":{\"grid_column_gap\":\"small\",\"grid_row_gap\":\"small\",\"margin\":\"default\"},\"children\":[{\"name\":\"\",\"type\":\"button_item\",\"props\":{\"button_style\":\"primary\",\"content\":\"Kontakt\",\"icon_align\":\"left\",\"link\":\".\\\/index.php\\\/kontakt\\\/\"}}]}]},{\"name\":\"\",\"type\":\"column\",\"props\":{\"image_position\":\"center-center\",\"media_overlay_gradient\":\"\",\"position_sticky_breakpoint\":\"m\",\"vertical_align\":\"middle\",\"width_medium\":\"1-2\"},\"children\":[{\"name\":\"\",\"type\":\"panel\",\"props\":{\"content\":\"\n\n<p>Ringofenstra\\u00dfe 45 <br \\\/>44287 Dortmund<\\\/p>\\n\n\n<p><img src=\\\".\\\/wp-content\\\/uploads\\\/2017\\\/09\\\/sachverst-logo.gif\\\" \\\/><\\\/p>\",\"content_column_breakpoint\":\"m\",\"icon_width\":80,\"image\":\"wp-content\\\/uploads\\\/2024\\\/04\\\/Schomberg-03.jpg\",\"image_align\":\"right\",\"image_grid_breakpoint\":\"m\",\"image_grid_width\":\"1-2\",\"image_svg_color\":\"emphasis\",\"image_vertical_align\":true,\"link_style\":\"default\",\"link_text\":\"Read more\",\"margin\":\"default\",\"meta\":\"\",\"meta_align\":\"above-title\",\"meta_element\":\"div\",\"meta_style\":\"text-meta\",\"panel_padding\":\"default\",\"panel_style\":\"card-default\",\"title\":\"Matthias Schomberg\",\"title_align\":\"top\",\"title_element\":\"h3\",\"title_grid_breakpoint\":\"m\",\"title_grid_width\":\"1-2\",\"title_hover_style\":\"reset\",\"title_margin\":\"remove\"}}]}]}]}],\"version\":\"3.0.14\"} --><\/p>\n","protected":false},"excerpt":{"rendered":"<p>Ihr Sachverst\u00e4ndiger f\u00fcr das Dachdeckerhandwerk Willkommen beim Sachverst\u00e4ndigenb\u00fcro Matthias Schomberg Matthias Schomberg ist \u00f6ffentlich bestellter und vereidigter Sachverst\u00e4ndiger f\u00fcr das Dachdeckerhandwerk. Zu seinem Fachbereich geh\u00f6ren Dachdeckungen, Au\u00dfenwandbekleidungen, Abdichtungen und Metallarbeiten im Dachdeckerhandwerk. Zu den Leistungen Welche Vorteile hat ein \u00f6ffentlich bestellter und vereidigter Sachverst\u00e4ndiger? Wer \u00f6ffentlich bestellte und vereidigte Sachverst\u00e4ndige beauftragt, erh\u00e4lt Sicherheit f\u00fcr unternehmerische, [&hellip;]<\/p>\n","protected":false},"author":1,"featured_media":0,"parent":0,"menu_order":0,"comment_status":"closed","ping_status":"open","template":"","meta":{"footnotes":""},"class_list":["post-2","page","type-page","status-publish","hentry"],"yoast_head":"<!-- This site is optimized with the Yoast SEO plugin v27.4 - https:\/\/yoast.com\/product\/yoast-seo-wordpress\/ -->\n<title>Startseite - Dachdecker Sachverst\u00e4ndigenb\u00fcro Matthias Schomberg<\/title>\n<meta name=\"description\" content=\"Matthias Schomberg ist \u00f6ffentlich bestellter und vereidigter Sachverst\u00e4ndiger f\u00fcr das Dachdeckerhandwerk.\" \/>\n<meta name=\"robots\" content=\"index, follow, max-snippet:-1, max-image-preview:large, max-video-preview:-1\" \/>\n<link rel=\"canonical\" href=\"https:\/\/www.schomberg-sv.de\/\" \/>\n<meta property=\"og:locale\" content=\"de_DE\" \/>\n<meta property=\"og:type\" content=\"article\" \/>\n<meta property=\"og:title\" content=\"Startseite - Dachdecker Sachverst\u00e4ndigenb\u00fcro Matthias Schomberg\" \/>\n<meta property=\"og:description\" content=\"Matthias Schomberg ist \u00f6ffentlich bestellter und vereidigter Sachverst\u00e4ndiger f\u00fcr das Dachdeckerhandwerk.\" \/>\n<meta property=\"og:url\" content=\"https:\/\/www.schomberg-sv.de\/\" \/>\n<meta property=\"og:site_name\" content=\"Dachdecker Sachverst\u00e4ndigenb\u00fcro Matthias Schomberg\" \/>\n<meta property=\"article:modified_time\" content=\"2024-04-12T08:35:39+00:00\" \/>\n<meta name=\"twitter:card\" content=\"summary_large_image\" \/>\n<meta name=\"twitter:label1\" content=\"Gesch\u00e4tzte Lesezeit\" \/>\n\t<meta name=\"twitter:data1\" content=\"2\u00a0Minuten\" \/>\n<script type=\"application\/ld+json\" class=\"yoast-schema-graph\">{\"@context\":\"https:\\\/\\\/schema.org\",\"@graph\":[{\"@type\":\"WebPage\",\"@id\":\"https:\\\/\\\/www.schomberg-sv.de\\\/\",\"url\":\"https:\\\/\\\/www.schomberg-sv.de\\\/\",\"name\":\"Startseite - Dachdecker Sachverst\u00e4ndigenb\u00fcro Matthias Schomberg\",\"isPartOf\":{\"@id\":\"https:\\\/\\\/www.schomberg-sv.de\\\/#website\"},\"datePublished\":\"2017-08-02T08:56:59+00:00\",\"dateModified\":\"2024-04-12T08:35:39+00:00\",\"description\":\"Matthias Schomberg ist \u00f6ffentlich bestellter und vereidigter Sachverst\u00e4ndiger f\u00fcr das Dachdeckerhandwerk.\",\"breadcrumb\":{\"@id\":\"https:\\\/\\\/www.schomberg-sv.de\\\/#breadcrumb\"},\"inLanguage\":\"de\",\"potentialAction\":[{\"@type\":\"ReadAction\",\"target\":[\"https:\\\/\\\/www.schomberg-sv.de\\\/\"]}]},{\"@type\":\"BreadcrumbList\",\"@id\":\"https:\\\/\\\/www.schomberg-sv.de\\\/#breadcrumb\",\"itemListElement\":[{\"@type\":\"ListItem\",\"position\":1,\"name\":\"Startseite\",\"item\":\"https:\\\/\\\/www.schomberg-sv.de\\\/\"},{\"@type\":\"ListItem\",\"position\":2,\"name\":\"Startseite\"}]},{\"@type\":\"WebSite\",\"@id\":\"https:\\\/\\\/www.schomberg-sv.de\\\/#website\",\"url\":\"https:\\\/\\\/www.schomberg-sv.de\\\/\",\"name\":\"Dachdecker Sachverst\u00e4ndigenb\u00fcro Matthias Schomberg\",\"description\":\"\u00d6ffentlich bestellter und vereidigter Sachverst\u00e4ndiger f\u00fcr das Dachdeckerhandwerk Dortmund Ruhrgebiet\",\"potentialAction\":[{\"@type\":\"SearchAction\",\"target\":{\"@type\":\"EntryPoint\",\"urlTemplate\":\"https:\\\/\\\/www.schomberg-sv.de\\\/?s={search_term_string}\"},\"query-input\":{\"@type\":\"PropertyValueSpecification\",\"valueRequired\":true,\"valueName\":\"search_term_string\"}}],\"inLanguage\":\"de\"}]}<\/script>\n<!-- \/ Yoast SEO plugin. -->","yoast_head_json":{"title":"Startseite - Dachdecker Sachverst\u00e4ndigenb\u00fcro Matthias Schomberg","description":"Matthias Schomberg ist \u00f6ffentlich bestellter und vereidigter Sachverst\u00e4ndiger f\u00fcr das Dachdeckerhandwerk.","robots":{"index":"index","follow":"follow","max-snippet":"max-snippet:-1","max-image-preview":"max-image-preview:large","max-video-preview":"max-video-preview:-1"},"canonical":"https:\/\/www.schomberg-sv.de\/","og_locale":"de_DE","og_type":"article","og_title":"Startseite - Dachdecker Sachverst\u00e4ndigenb\u00fcro Matthias Schomberg","og_description":"Matthias Schomberg ist \u00f6ffentlich bestellter und vereidigter Sachverst\u00e4ndiger f\u00fcr das Dachdeckerhandwerk.","og_url":"https:\/\/www.schomberg-sv.de\/","og_site_name":"Dachdecker Sachverst\u00e4ndigenb\u00fcro Matthias Schomberg","article_modified_time":"2024-04-12T08:35:39+00:00","twitter_card":"summary_large_image","twitter_misc":{"Gesch\u00e4tzte Lesezeit":"2\u00a0Minuten"},"schema":{"@context":"https:\/\/schema.org","@graph":[{"@type":"WebPage","@id":"https:\/\/www.schomberg-sv.de\/","url":"https:\/\/www.schomberg-sv.de\/","name":"Startseite - Dachdecker Sachverst\u00e4ndigenb\u00fcro Matthias Schomberg","isPartOf":{"@id":"https:\/\/www.schomberg-sv.de\/#website"},"datePublished":"2017-08-02T08:56:59+00:00","dateModified":"2024-04-12T08:35:39+00:00","description":"Matthias Schomberg ist \u00f6ffentlich bestellter und vereidigter Sachverst\u00e4ndiger f\u00fcr das Dachdeckerhandwerk.","breadcrumb":{"@id":"https:\/\/www.schomberg-sv.de\/#breadcrumb"},"inLanguage":"de","potentialAction":[{"@type":"ReadAction","target":["https:\/\/www.schomberg-sv.de\/"]}]},{"@type":"BreadcrumbList","@id":"https:\/\/www.schomberg-sv.de\/#breadcrumb","itemListElement":[{"@type":"ListItem","position":1,"name":"Startseite","item":"https:\/\/www.schomberg-sv.de\/"},{"@type":"ListItem","position":2,"name":"Startseite"}]},{"@type":"WebSite","@id":"https:\/\/www.schomberg-sv.de\/#website","url":"https:\/\/www.schomberg-sv.de\/","name":"Dachdecker Sachverst\u00e4ndigenb\u00fcro Matthias Schomberg","description":"\u00d6ffentlich bestellter und vereidigter Sachverst\u00e4ndiger f\u00fcr das Dachdeckerhandwerk Dortmund Ruhrgebiet","potentialAction":[{"@type":"SearchAction","target":{"@type":"EntryPoint","urlTemplate":"https:\/\/www.schomberg-sv.de\/?s={search_term_string}"},"query-input":{"@type":"PropertyValueSpecification","valueRequired":true,"valueName":"search_term_string"}}],"inLanguage":"de"}]}},"_links":{"self":[{"href":"https:\/\/www.schomberg-sv.de\/index.php\/wp-json\/wp\/v2\/pages\/2","targetHints":{"allow":["GET"]}}],"collection":[{"href":"https:\/\/www.schomberg-sv.de\/index.php\/wp-json\/wp\/v2\/pages"}],"about":[{"href":"https:\/\/www.schomberg-sv.de\/index.php\/wp-json\/wp\/v2\/types\/page"}],"author":[{"embeddable":true,"href":"https:\/\/www.schomberg-sv.de\/index.php\/wp-json\/wp\/v2\/users\/1"}],"replies":[{"embeddable":true,"href":"https:\/\/www.schomberg-sv.de\/index.php\/wp-json\/wp\/v2\/comments?post=2"}],"version-history":[{"count":56,"href":"https:\/\/www.schomberg-sv.de\/index.php\/wp-json\/wp\/v2\/pages\/2\/revisions"}],"predecessor-version":[{"id":386,"href":"https:\/\/www.schomberg-sv.de\/index.php\/wp-json\/wp\/v2\/pages\/2\/revisions\/386"}],"wp:attachment":[{"href":"https:\/\/www.schomberg-sv.de\/index.php\/wp-json\/wp\/v2\/media?parent=2"}],"curies":[{"name":"wp","href":"https:\/\/api.w.org\/{rel}","templated":true}]}}