{"id":7,"date":"2017-09-04T10:49:31","date_gmt":"2017-09-04T08:49:31","guid":{"rendered":"https:\/\/dev.viality.de\/schomberg\/wordpress\/?page_id=7"},"modified":"2024-04-12T10:36:39","modified_gmt":"2024-04-12T08:36:39","slug":"leistungen","status":"publish","type":"page","link":"https:\/\/www.schomberg-sv.de\/index.php\/leistungen\/","title":{"rendered":"Leistungen"},"content":{"rendered":"<div>\n<h3>Leistungen<\/h3>\n<\/div>\n<h3>Gutachten<br \/>\n<\/h3>\n<div>Matthias Schomberg erstellt objektiv Gutachten f\u00fcr <\/div>\n<ul>\n<li>\n<div>Gerichte\n<\/div>\n<\/li>\n<li>\n<div>Privatpersonen<\/div>\n<\/li>\n<li>\n<div>Unternehmen<\/div>\n<\/li>\n<li>\n<div>Wohnungsbaugesellschaften<\/div>\n<\/li>\n<\/ul>\n<h3>Objektive Fachberatung<br \/>\n<\/h3>\n<ul>\n<li>\n<div>f\u00fchrt \u00f6rtliche Besichtigungen mit (m\u00fcndlicher) Stellungnahme durch<\/div>\n<\/li>\n<li>\n<div>f\u00fchrt eine Bestandsaufnahme des Daches durch<\/div>\n<\/li>\n<li>\n<div>bewertet den Zustand und gibt Standzeitprognosen<\/div>\n<\/li>\n<li>\n<div>ber\u00e4t produktneutral<\/div>\n<\/li>\n<li>\n<div>ber\u00e4t zur Ausf\u00fchrung<\/div>\n<\/li>\n<li>\n<div>\u00fcberpr\u00fcft Angebote<\/div>\n<\/li>\n<\/ul>\n<h3>Objektive Fachplanung<\/h3>\n<ul>\n<li>\n<div>produktneutrale und normgerechte Ausschreibungen<\/div>\n<\/li>\n<li>\n<div>Ermittlung von Kosten<\/div>\n<\/li>\n<\/ul>\n<h3>Baubegleitung und Qualit\u00e4tskontrolle<\/h3>\n<ul>\n<li>\n<div>Bei gro\u00dfen und schwierigen Vorhaben kann es sinnvoll sein, Matthias Schomberg schon w\u00e4hrend der Bauphase zu beauftragen\n<\/div>\n<\/li>\n<li>\n<div>So haben Sie eine permanente Qualit\u00e4tskontrolle f\u00fcr die Dach-, Wand- und Abdichtungstechnik <\/div>\n<\/li>\n<\/ul>\n<h2>Haben Sie Fragen?<\/h2>\n<div>\n<p>Sprechen Sie mich unverbindlich an!<\/p>\n<\/div>\n<p>\n    <a href=\"\/index.php\/kontakt\/\">Kontakt<\/a>\n<\/p>\n<div>\n<p>        <img decoding=\"async\" src=\"\/wp-content\/uploads\/2024\/04\/Schomberg-03.jpg\" alt=\"\"><\/p>\n<h3>Matthias Schomberg<\/h3>\n<div>\n<p>\nRingofenstra\u00dfe 45 <br \/>\n44287 Dortmund<\/p>\n<p><img decoding=\"async\" src=\"\/wp-content\/uploads\/2017\/09\/sachverst-logo.gif\"\/><\/div>\n<\/div>\n<p><!--more--><br \/>\n<!-- {\"name\":\"\",\"type\":\"layout\",\"children\":[{\"name\":\"Visual Unterseiten\",\"type\":\"section\",\"props\":{\"animation\":\"slide-left-medium\",\"animation_delay\":\"200\",\"image\":\"wp-content\\\/uploads\\\/2018\\\/01\\\/leistungen.jpg\",\"image_effect\":\"parallax\",\"image_parallax_bgy\":\"0,110\",\"image_parallax_breakpoint\":\"l\",\"image_parallax_easing\":\"1\",\"image_position\":\"center-center\",\"image_size\":\"cover\",\"padding\":\"large\",\"style\":\"default\",\"title\":\"\",\"title_breakpoint\":\"xl\",\"title_position\":\"top-left\",\"title_rotation\":\"left\",\"vertical_align\":\"middle\",\"width\":\"expand\"},\"children\":[{\"name\":\"\",\"type\":\"row\",\"props\":{\"column_gap\":\"small\",\"margin\":\"large\",\"match\":false,\"row_gap\":\"small\"},\"children\":[{\"name\":\"\",\"type\":\"column\",\"props\":{\"image\":\"\",\"image_position\":\"center-center\",\"media_overlay_gradient\":\"\",\"position_sticky_breakpoint\":\"m\",\"width_medium\":\"1-1\"},\"children\":[{\"name\":\"\",\"type\":\"panel\",\"props\":{\"animation\":\"slide-right\",\"block_align\":\"right\",\"content_column_breakpoint\":\"m\",\"icon_width\":80,\"image_align\":\"top\",\"image_grid_breakpoint\":\"m\",\"image_grid_width\":\"1-2\",\"image_svg_color\":\"emphasis\",\"link_style\":\"default\",\"link_text\":\"Read more\",\"margin\":\"default\",\"maxwidth\":\"large\",\"meta_align\":\"below-title\",\"meta_element\":\"div\",\"meta_style\":\"text-meta\",\"panel_padding\":\"default\",\"panel_style\":\"card-primary\",\"title\":\"Leistungen\",\"title_align\":\"top\",\"title_element\":\"h3\",\"title_grid_breakpoint\":\"m\",\"title_grid_width\":\"1-2\",\"title_hover_style\":\"reset\",\"title_style\":\"h2\"}}]}]}]},{\"name\":\"About us\",\"type\":\"section\",\"props\":{\"animation_delay\":false,\"id\":\"about-us\",\"image_position\":\"center-center\",\"image_size\":\"cover\",\"padding\":\"large\",\"padding_remove_bottom\":false,\"padding_remove_top\":false,\"style\":\"default\",\"title_breakpoint\":\"xl\",\"title_position\":\"top-left\",\"title_rotation\":\"left\",\"vertical_align\":\"middle\",\"width\":\"default\"},\"children\":[{\"name\":\"\",\"type\":\"row\",\"props\":{\"layout\":\"1-3,2-3\",\"margin\":\"xlarge\",\"width\":\"default\"},\"children\":[{\"name\":\"\",\"type\":\"column\",\"props\":{\"image_position\":\"center-center\",\"media_overlay_gradient\":\"\",\"position_sticky_breakpoint\":\"m\",\"width_medium\":\"1-3\"},\"children\":[{\"name\":\"\",\"type\":\"headline\",\"props\":{\"content\":\"Gutachten\\n\",\"title_decoration\":\"bullet\",\"title_element\":\"h3\"}}]},{\"name\":\"\",\"type\":\"column\",\"props\":{\"image_position\":\"center-center\",\"media_overlay_gradient\":\"\",\"position_sticky_breakpoint\":\"m\",\"width_medium\":\"2-3\"},\"children\":[{\"name\":\"\",\"type\":\"text\",\"props\":{\"column_breakpoint\":\"m\",\"content\":\"Matthias Schomberg erstellt objektiv Gutachten f\\u00fcr \",\"dropcap\":false,\"margin\":\"default\",\"text_style\":\"lead\"}},{\"name\":\"\",\"type\":\"list\",\"props\":{\"column_breakpoint\":\"m\",\"icon_width\":30,\"image_align\":\"left\",\"image_svg_color\":\"emphasis\",\"image_vertical_align\":true,\"list_element\":\"ul\",\"list_horizontal_separator\":\", \",\"list_size\":\"\",\"list_type\":\"vertical\",\"show_image\":true,\"show_link\":true},\"children\":[{\"name\":\"\",\"type\":\"list_item\",\"props\":{\"content\":\"Gerichte\\n\",\"icon\":\"check\",\"icon_color\":\"primary\"}},{\"name\":\"\",\"type\":\"list_item\",\"props\":{\"content\":\"Privatpersonen\",\"icon\":\"check\",\"icon_color\":\"primary\"}},{\"name\":\"\",\"type\":\"list_item\",\"props\":{\"content\":\"Unternehmen\",\"icon\":\"check\",\"icon_color\":\"primary\"}},{\"name\":\"\",\"type\":\"list_item\",\"props\":{\"content\":\"Wohnungsbaugesellschaften\",\"icon\":\"check\",\"icon_color\":\"primary\"}}]}]}]},{\"name\":\"\",\"type\":\"row\",\"props\":{\"layout\":\"1-3,2-3\",\"margin\":\"remove-vertical\",\"match\":false,\"vertical_align\":false,\"width\":\"expand\"},\"children\":[{\"name\":\"\",\"type\":\"column\",\"props\":{\"image_position\":\"center-center\",\"media_overlay_gradient\":\"\",\"position_sticky_breakpoint\":\"m\",\"width_medium\":\"1-3\"},\"children\":[{\"name\":\"\",\"type\":\"headline\",\"props\":{\"content\":\"Objektive Fachberatung\\n\",\"title_decoration\":\"bullet\",\"title_element\":\"h3\"}}]},{\"name\":\"\",\"type\":\"column\",\"props\":{\"image_position\":\"center-center\",\"media_overlay_gradient\":\"\",\"position_sticky_breakpoint\":\"m\",\"width_medium\":\"2-3\"},\"children\":[{\"name\":\"\",\"type\":\"list\",\"props\":{\"column_breakpoint\":\"m\",\"icon_width\":30,\"image_align\":\"left\",\"image_svg_color\":\"emphasis\",\"image_vertical_align\":true,\"list_element\":\"ul\",\"list_horizontal_separator\":\", \",\"list_size\":\"\",\"list_type\":\"vertical\",\"show_image\":true,\"show_link\":true},\"children\":[{\"name\":\"\",\"type\":\"list_item\",\"props\":{\"content\":\"f\\u00fchrt \\u00f6rtliche Besichtigungen mit (m\\u00fcndlicher) Stellungnahme durch\",\"icon\":\"check\",\"icon_color\":\"primary\"}},{\"name\":\"\",\"type\":\"list_item\",\"props\":{\"content\":\"f\\u00fchrt eine Bestandsaufnahme des Daches durch\",\"icon\":\"check\",\"icon_color\":\"primary\"}},{\"name\":\"\",\"type\":\"list_item\",\"props\":{\"content\":\"bewertet den Zustand und gibt Standzeitprognosen\",\"icon\":\"check\",\"icon_color\":\"primary\"}},{\"name\":\"\",\"type\":\"list_item\",\"props\":{\"content\":\"ber\\u00e4t produktneutral\",\"icon\":\"check\",\"icon_color\":\"primary\"}},{\"name\":\"\",\"type\":\"list_item\",\"props\":{\"content\":\"ber\\u00e4t zur Ausf\\u00fchrung\",\"icon\":\"check\",\"icon_color\":\"primary\"}},{\"name\":\"\",\"type\":\"list_item\",\"props\":{\"content\":\"\\u00fcberpr\\u00fcft Angebote\",\"icon\":\"check\",\"icon_color\":\"primary\"}}]}]}]},{\"name\":\"\",\"type\":\"row\",\"props\":{\"layout\":\"1-3,2-3\",\"margin\":\"xlarge\",\"match\":false,\"vertical_align\":false,\"width\":\"expand\"},\"children\":[{\"name\":\"\",\"type\":\"column\",\"props\":{\"image_position\":\"center-center\",\"media_overlay_gradient\":\"\",\"position_sticky_breakpoint\":\"m\",\"width_medium\":\"1-3\"},\"children\":[{\"name\":\"\",\"type\":\"headline\",\"props\":{\"content\":\"Objektive Fachplanung\",\"title_decoration\":\"bullet\",\"title_element\":\"h3\"}}]},{\"name\":\"\",\"type\":\"column\",\"props\":{\"image_position\":\"center-center\",\"media_overlay_gradient\":\"\",\"position_sticky_breakpoint\":\"m\",\"width_medium\":\"2-3\"},\"children\":[{\"name\":\"\",\"type\":\"list\",\"props\":{\"column_breakpoint\":\"m\",\"icon_width\":30,\"image_align\":\"left\",\"image_svg_color\":\"emphasis\",\"image_vertical_align\":true,\"list_element\":\"ul\",\"list_horizontal_separator\":\", \",\"list_size\":\"\",\"list_type\":\"vertical\",\"show_image\":true,\"show_link\":true},\"children\":[{\"name\":\"\",\"type\":\"list_item\",\"props\":{\"content\":\"produktneutrale und normgerechte Ausschreibungen\",\"icon\":\"check\",\"icon_color\":\"primary\"}},{\"name\":\"\",\"type\":\"list_item\",\"props\":{\"content\":\"Ermittlung von Kosten\",\"icon\":\"check\",\"icon_color\":\"primary\"}}]}]}]},{\"name\":\"\",\"type\":\"row\",\"props\":{\"layout\":\"1-3,2-3\",\"margin\":\"remove-vertical\",\"match\":false,\"vertical_align\":false,\"width\":\"expand\"},\"children\":[{\"name\":\"\",\"type\":\"column\",\"props\":{\"image_position\":\"center-center\",\"media_overlay_gradient\":\"\",\"position_sticky_breakpoint\":\"m\",\"width_medium\":\"1-3\"},\"children\":[{\"name\":\"\",\"type\":\"headline\",\"props\":{\"content\":\"Baubegleitung und Qualit\\u00e4tskontrolle\",\"title_decoration\":\"bullet\",\"title_element\":\"h3\"}}]},{\"name\":\"\",\"type\":\"column\",\"props\":{\"image_position\":\"center-center\",\"media_overlay_gradient\":\"\",\"position_sticky_breakpoint\":\"m\",\"width_medium\":\"2-3\"},\"children\":[{\"name\":\"\",\"type\":\"list\",\"props\":{\"column_breakpoint\":\"m\",\"icon_width\":30,\"image_align\":\"left\",\"image_svg_color\":\"emphasis\",\"image_vertical_align\":true,\"list_element\":\"ul\",\"list_horizontal_separator\":\", \",\"list_size\":\"\",\"list_type\":\"vertical\",\"show_image\":true,\"show_link\":true},\"children\":[{\"name\":\"\",\"type\":\"list_item\",\"props\":{\"content\":\"Bei gro\\u00dfen und schwierigen Vorhaben kann es sinnvoll sein, Matthias Schomberg schon w\\u00e4hrend der Bauphase zu beauftragen\\n\",\"icon\":\"check\",\"icon_color\":\"primary\"}},{\"name\":\"\",\"type\":\"list_item\",\"props\":{\"content\":\"So haben Sie eine permanente Qualit\\u00e4tskontrolle f\\u00fcr die Dach-, Wand- und Abdichtungstechnik \",\"icon\":\"check\",\"icon_color\":\"primary\"}}]}]}]}]},{\"name\":\"Ansprechpartner\",\"type\":\"section\",\"props\":{\"image_position\":\"center-center\",\"style\":\"muted\",\"title_breakpoint\":\"xl\",\"title_position\":\"top-left\",\"title_rotation\":\"left\",\"vertical_align\":\"middle\",\"width\":\"default\"},\"children\":[{\"name\":\"\",\"type\":\"row\",\"props\":{\"layout\":\"1-2,1-2\",\"vertical_align\":true},\"children\":[{\"name\":\"\",\"type\":\"column\",\"props\":{\"image_position\":\"center-center\",\"media_overlay_gradient\":\"\",\"position_sticky_breakpoint\":\"m\",\"vertical_align\":\"middle\",\"width_medium\":\"1-2\"},\"children\":[{\"name\":\"\",\"type\":\"headline\",\"props\":{\"content\":\"Haben Sie Fragen?\",\"title_element\":\"h2\"}},{\"name\":\"\",\"type\":\"text\",\"props\":{\"column_breakpoint\":\"m\",\"content\":\"\n\n<p>Sprechen Sie mich unverbindlich an!<\\\/p>\",\"margin\":\"default\"}},{\"name\":\"\",\"type\":\"button\",\"props\":{\"grid_column_gap\":\"small\",\"grid_row_gap\":\"small\",\"margin\":\"default\"},\"children\":[{\"name\":\"\",\"type\":\"button_item\",\"props\":{\"button_style\":\"primary\",\"content\":\"Kontakt\",\"icon_align\":\"left\",\"link\":\".\\\/index.php\\\/kontakt\\\/\"}}]}]},{\"name\":\"\",\"type\":\"column\",\"props\":{\"image_position\":\"center-center\",\"media_overlay_gradient\":\"\",\"position_sticky_breakpoint\":\"m\",\"vertical_align\":\"middle\",\"width_medium\":\"1-2\"},\"children\":[{\"name\":\"\",\"type\":\"panel\",\"props\":{\"content\":\"\n\n<p>\\nRingofenstra\\u00dfe 45 <br \\\/>\\n44287 Dortmund<\\\/p>\\n<img src=\\\".\\\/wp-content\\\/uploads\\\/2017\\\/09\\\/sachverst-logo.gif\\\"\\\/>\",\"content_column_breakpoint\":\"m\",\"icon_width\":80,\"image\":\"wp-content\\\/uploads\\\/2024\\\/04\\\/Schomberg-03.jpg\",\"image_align\":\"right\",\"image_grid_breakpoint\":\"m\",\"image_grid_width\":\"1-2\",\"image_svg_color\":\"emphasis\",\"image_vertical_align\":true,\"link_style\":\"default\",\"link_text\":\"Read more\",\"margin\":\"default\",\"meta\":\"\",\"meta_align\":\"above-title\",\"meta_element\":\"div\",\"meta_style\":\"text-meta\",\"panel_padding\":\"default\",\"panel_style\":\"card-default\",\"title\":\"Matthias Schomberg\",\"title_align\":\"top\",\"title_element\":\"h3\",\"title_grid_breakpoint\":\"m\",\"title_grid_width\":\"1-2\",\"title_hover_style\":\"reset\",\"title_margin\":\"remove\"}}]}]}]}],\"version\":\"3.0.14\"} --><\/p>\n","protected":false},"excerpt":{"rendered":"<p>Leistungen Gutachten Matthias Schomberg erstellt objektiv Gutachten f\u00fcr Gerichte Privatpersonen Unternehmen Wohnungsbaugesellschaften Objektive Fachberatung f\u00fchrt \u00f6rtliche Besichtigungen mit (m\u00fcndlicher) Stellungnahme durch f\u00fchrt eine Bestandsaufnahme des Daches durch bewertet den Zustand und gibt Standzeitprognosen ber\u00e4t produktneutral ber\u00e4t zur Ausf\u00fchrung \u00fcberpr\u00fcft Angebote Objektive Fachplanung produktneutrale und normgerechte Ausschreibungen Ermittlung von Kosten Baubegleitung und Qualit\u00e4tskontrolle Bei gro\u00dfen und [&hellip;]<\/p>\n","protected":false},"author":2,"featured_media":0,"parent":0,"menu_order":0,"comment_status":"closed","ping_status":"closed","template":"","meta":{"footnotes":""},"class_list":["post-7","page","type-page","status-publish","hentry"],"yoast_head":"<!-- This site is optimized with the Yoast SEO plugin v27.4 - https:\/\/yoast.com\/product\/yoast-seo-wordpress\/ -->\n<title>Leistungen - Dachdecker Sachverst\u00e4ndigenb\u00fcro Matthias Schomberg<\/title>\n<meta name=\"description\" content=\"Gutachten, Fachplanung, Baubegleitung: Leistungen von Matthias Schomberg, \u00d6ffentlich bestellter und vereidigter Sachverst\u00e4ndiger f\u00fcr das Dachdeckerhandwerk Dortmund, Ruhrgebiet, NRW\" \/>\n<meta name=\"robots\" content=\"index, follow, max-snippet:-1, max-image-preview:large, max-video-preview:-1\" \/>\n<link rel=\"canonical\" href=\"https:\/\/www.schomberg-sv.de\/index.php\/leistungen\/\" \/>\n<meta property=\"og:locale\" content=\"de_DE\" \/>\n<meta property=\"og:type\" content=\"article\" \/>\n<meta property=\"og:title\" content=\"Leistungen - Dachdecker Sachverst\u00e4ndigenb\u00fcro Matthias Schomberg\" \/>\n<meta property=\"og:description\" content=\"Gutachten, Fachplanung, Baubegleitung: Leistungen von Matthias Schomberg, \u00d6ffentlich bestellter und vereidigter Sachverst\u00e4ndiger f\u00fcr das Dachdeckerhandwerk Dortmund, Ruhrgebiet, NRW\" \/>\n<meta property=\"og:url\" content=\"https:\/\/www.schomberg-sv.de\/index.php\/leistungen\/\" \/>\n<meta property=\"og:site_name\" content=\"Dachdecker Sachverst\u00e4ndigenb\u00fcro Matthias Schomberg\" \/>\n<meta property=\"article:modified_time\" content=\"2024-04-12T08:36:39+00:00\" \/>\n<meta name=\"twitter:card\" content=\"summary_large_image\" \/>\n<meta name=\"twitter:label1\" content=\"Gesch\u00e4tzte Lesezeit\" \/>\n\t<meta name=\"twitter:data1\" content=\"1\u00a0Minute\" \/>\n<script type=\"application\/ld+json\" class=\"yoast-schema-graph\">{\"@context\":\"https:\\\/\\\/schema.org\",\"@graph\":[{\"@type\":\"WebPage\",\"@id\":\"https:\\\/\\\/www.schomberg-sv.de\\\/index.php\\\/leistungen\\\/\",\"url\":\"https:\\\/\\\/www.schomberg-sv.de\\\/index.php\\\/leistungen\\\/\",\"name\":\"Leistungen - Dachdecker Sachverst\u00e4ndigenb\u00fcro Matthias Schomberg\",\"isPartOf\":{\"@id\":\"https:\\\/\\\/www.schomberg-sv.de\\\/#website\"},\"datePublished\":\"2017-09-04T08:49:31+00:00\",\"dateModified\":\"2024-04-12T08:36:39+00:00\",\"description\":\"Gutachten, Fachplanung, Baubegleitung: Leistungen von Matthias Schomberg, \u00d6ffentlich bestellter und vereidigter Sachverst\u00e4ndiger f\u00fcr das Dachdeckerhandwerk Dortmund, Ruhrgebiet, NRW\",\"breadcrumb\":{\"@id\":\"https:\\\/\\\/www.schomberg-sv.de\\\/index.php\\\/leistungen\\\/#breadcrumb\"},\"inLanguage\":\"de\",\"potentialAction\":[{\"@type\":\"ReadAction\",\"target\":[\"https:\\\/\\\/www.schomberg-sv.de\\\/index.php\\\/leistungen\\\/\"]}]},{\"@type\":\"BreadcrumbList\",\"@id\":\"https:\\\/\\\/www.schomberg-sv.de\\\/index.php\\\/leistungen\\\/#breadcrumb\",\"itemListElement\":[{\"@type\":\"ListItem\",\"position\":1,\"name\":\"Startseite\",\"item\":\"https:\\\/\\\/www.schomberg-sv.de\\\/\"},{\"@type\":\"ListItem\",\"position\":2,\"name\":\"Leistungen\"}]},{\"@type\":\"WebSite\",\"@id\":\"https:\\\/\\\/www.schomberg-sv.de\\\/#website\",\"url\":\"https:\\\/\\\/www.schomberg-sv.de\\\/\",\"name\":\"Dachdecker Sachverst\u00e4ndigenb\u00fcro Matthias Schomberg\",\"description\":\"\u00d6ffentlich bestellter und vereidigter Sachverst\u00e4ndiger f\u00fcr das Dachdeckerhandwerk Dortmund Ruhrgebiet\",\"potentialAction\":[{\"@type\":\"SearchAction\",\"target\":{\"@type\":\"EntryPoint\",\"urlTemplate\":\"https:\\\/\\\/www.schomberg-sv.de\\\/?s={search_term_string}\"},\"query-input\":{\"@type\":\"PropertyValueSpecification\",\"valueRequired\":true,\"valueName\":\"search_term_string\"}}],\"inLanguage\":\"de\"}]}<\/script>\n<!-- \/ Yoast SEO plugin. -->","yoast_head_json":{"title":"Leistungen - Dachdecker Sachverst\u00e4ndigenb\u00fcro Matthias Schomberg","description":"Gutachten, Fachplanung, Baubegleitung: Leistungen von Matthias Schomberg, \u00d6ffentlich bestellter und vereidigter Sachverst\u00e4ndiger f\u00fcr das Dachdeckerhandwerk Dortmund, Ruhrgebiet, NRW","robots":{"index":"index","follow":"follow","max-snippet":"max-snippet:-1","max-image-preview":"max-image-preview:large","max-video-preview":"max-video-preview:-1"},"canonical":"https:\/\/www.schomberg-sv.de\/index.php\/leistungen\/","og_locale":"de_DE","og_type":"article","og_title":"Leistungen - Dachdecker Sachverst\u00e4ndigenb\u00fcro Matthias Schomberg","og_description":"Gutachten, Fachplanung, Baubegleitung: Leistungen von Matthias Schomberg, \u00d6ffentlich bestellter und vereidigter Sachverst\u00e4ndiger f\u00fcr das Dachdeckerhandwerk Dortmund, Ruhrgebiet, NRW","og_url":"https:\/\/www.schomberg-sv.de\/index.php\/leistungen\/","og_site_name":"Dachdecker Sachverst\u00e4ndigenb\u00fcro Matthias Schomberg","article_modified_time":"2024-04-12T08:36:39+00:00","twitter_card":"summary_large_image","twitter_misc":{"Gesch\u00e4tzte Lesezeit":"1\u00a0Minute"},"schema":{"@context":"https:\/\/schema.org","@graph":[{"@type":"WebPage","@id":"https:\/\/www.schomberg-sv.de\/index.php\/leistungen\/","url":"https:\/\/www.schomberg-sv.de\/index.php\/leistungen\/","name":"Leistungen - Dachdecker Sachverst\u00e4ndigenb\u00fcro Matthias Schomberg","isPartOf":{"@id":"https:\/\/www.schomberg-sv.de\/#website"},"datePublished":"2017-09-04T08:49:31+00:00","dateModified":"2024-04-12T08:36:39+00:00","description":"Gutachten, Fachplanung, Baubegleitung: Leistungen von Matthias Schomberg, \u00d6ffentlich bestellter und vereidigter Sachverst\u00e4ndiger f\u00fcr das Dachdeckerhandwerk Dortmund, Ruhrgebiet, NRW","breadcrumb":{"@id":"https:\/\/www.schomberg-sv.de\/index.php\/leistungen\/#breadcrumb"},"inLanguage":"de","potentialAction":[{"@type":"ReadAction","target":["https:\/\/www.schomberg-sv.de\/index.php\/leistungen\/"]}]},{"@type":"BreadcrumbList","@id":"https:\/\/www.schomberg-sv.de\/index.php\/leistungen\/#breadcrumb","itemListElement":[{"@type":"ListItem","position":1,"name":"Startseite","item":"https:\/\/www.schomberg-sv.de\/"},{"@type":"ListItem","position":2,"name":"Leistungen"}]},{"@type":"WebSite","@id":"https:\/\/www.schomberg-sv.de\/#website","url":"https:\/\/www.schomberg-sv.de\/","name":"Dachdecker Sachverst\u00e4ndigenb\u00fcro Matthias Schomberg","description":"\u00d6ffentlich bestellter und vereidigter Sachverst\u00e4ndiger f\u00fcr das Dachdeckerhandwerk Dortmund Ruhrgebiet","potentialAction":[{"@type":"SearchAction","target":{"@type":"EntryPoint","urlTemplate":"https:\/\/www.schomberg-sv.de\/?s={search_term_string}"},"query-input":{"@type":"PropertyValueSpecification","valueRequired":true,"valueName":"search_term_string"}}],"inLanguage":"de"}]}},"_links":{"self":[{"href":"https:\/\/www.schomberg-sv.de\/index.php\/wp-json\/wp\/v2\/pages\/7","targetHints":{"allow":["GET"]}}],"collection":[{"href":"https:\/\/www.schomberg-sv.de\/index.php\/wp-json\/wp\/v2\/pages"}],"about":[{"href":"https:\/\/www.schomberg-sv.de\/index.php\/wp-json\/wp\/v2\/types\/page"}],"author":[{"embeddable":true,"href":"https:\/\/www.schomberg-sv.de\/index.php\/wp-json\/wp\/v2\/users\/2"}],"replies":[{"embeddable":true,"href":"https:\/\/www.schomberg-sv.de\/index.php\/wp-json\/wp\/v2\/comments?post=7"}],"version-history":[{"count":25,"href":"https:\/\/www.schomberg-sv.de\/index.php\/wp-json\/wp\/v2\/pages\/7\/revisions"}],"predecessor-version":[{"id":387,"href":"https:\/\/www.schomberg-sv.de\/index.php\/wp-json\/wp\/v2\/pages\/7\/revisions\/387"}],"wp:attachment":[{"href":"https:\/\/www.schomberg-sv.de\/index.php\/wp-json\/wp\/v2\/media?parent=7"}],"curies":[{"name":"wp","href":"https:\/\/api.w.org\/{rel}","templated":true}]}}