{"id":9,"date":"2017-09-04T10:49:50","date_gmt":"2017-09-04T08:49:50","guid":{"rendered":"https:\/\/dev.viality.de\/schomberg\/wordpress\/?page_id=9"},"modified":"2024-04-12T10:40:33","modified_gmt":"2024-04-12T08:40:33","slug":"fachbereiche","status":"publish","type":"page","link":"https:\/\/www.schomberg-sv.de\/index.php\/fachbereiche\/","title":{"rendered":"Fachbereiche"},"content":{"rendered":"<div>\n<h3>Fachbereiche<\/h3>\n<\/div>\n<h3>Dachdeckungen <\/h3>\n<div>Steild\u00e4cher mit Deckungen aus<\/div>\n<ul>\n<li>\n<div>Schiefer\n<\/div>\n<\/li>\n<li>\n<div>Dachziegeln<\/div>\n<\/li>\n<li>\n<div>Faserzement- (Eternit-) Dachplatten<\/div>\n<\/li>\n<li>\n<div>Bitumenschindeln<\/div>\n<\/li>\n<li>\n<div>Bitumenwellplatten<\/div>\n<\/li>\n<\/ul>\n<h3>Abdichtungen \/ Flachd\u00e4cher <\/h3>\n<ul>\n<li>\n<div>aus Bitumenbahnen<\/div>\n<\/li>\n<li>\n<div>aus Kunststoffbahnen<\/div>\n<\/li>\n<li>\n<div>oder Fl\u00fcssigkunststoff<\/div>\n<\/li>\n<\/ul>\n<h3>Au\u00dfenwand-bekleidungen<\/h3>\n<div>\n<div>Vorgeh\u00e4ngte, hinterl\u00fcftete Fassaden aus klein- oder gro\u00dfformatigen Platten <\/div>\n<\/div>\n<h3>Metallarbeiten im Dachdeckerhandwerk<\/h3>\n<div>\n<div>Insbesondere Dachrinnen und \u2013rohre, An- und Abschl\u00fcsse an Dachr\u00e4ndern<\/div>\n<\/div>\n<h2>Haben Sie Fragen?<\/h2>\n<div>\n<p>Sprechen Sie mich unverbindlich an!<\/p>\n<\/div>\n<p>\n    <a href=\"\/index.php\/kontakt\/\">Kontakt<\/a>\n<\/p>\n<div>\n<p>        <img decoding=\"async\" src=\"\/wp-content\/uploads\/2024\/04\/Schomberg-03.jpg\" alt=\"\"><\/p>\n<h3>Matthias Schomberg<\/h3>\n<div>\n<p>\nRingofenstra\u00dfe 45 <br \/>\n44287 Dortmund<\/p>\n<p><img decoding=\"async\" src=\"\/wp-content\/uploads\/2017\/09\/sachverst-logo.gif\"\/><\/div>\n<\/div>\n<p><!--more--><br \/>\n<!-- {\"name\":\"\",\"type\":\"layout\",\"children\":[{\"name\":\"Visual Unterseiten\",\"type\":\"section\",\"props\":{\"animation\":\"slide-left-medium\",\"animation_delay\":\"200\",\"image\":\"wp-content\\\/uploads\\\/2018\\\/01\\\/fachbereiche.jpg\",\"image_effect\":\"parallax\",\"image_parallax_bgy\":\"0,110\",\"image_parallax_breakpoint\":\"l\",\"image_parallax_easing\":\"1\",\"image_position\":\"center-center\",\"image_size\":\"cover\",\"padding\":\"large\",\"style\":\"default\",\"title\":\"\",\"title_breakpoint\":\"xl\",\"title_position\":\"top-left\",\"title_rotation\":\"left\",\"vertical_align\":\"middle\",\"width\":\"expand\"},\"children\":[{\"name\":\"\",\"type\":\"row\",\"props\":{\"column_gap\":\"small\",\"margin\":\"large\",\"match\":false,\"row_gap\":\"small\"},\"children\":[{\"name\":\"\",\"type\":\"column\",\"props\":{\"image\":\"\",\"image_position\":\"center-center\",\"media_overlay_gradient\":\"\",\"position_sticky_breakpoint\":\"m\",\"width_medium\":\"1-1\"},\"children\":[{\"name\":\"\",\"type\":\"panel\",\"props\":{\"animation\":\"slide-right\",\"block_align\":\"right\",\"content_column_breakpoint\":\"m\",\"icon_width\":80,\"image_align\":\"top\",\"image_grid_breakpoint\":\"m\",\"image_grid_width\":\"1-2\",\"image_svg_color\":\"emphasis\",\"link_style\":\"default\",\"link_text\":\"Read more\",\"margin\":\"default\",\"maxwidth\":\"large\",\"meta_align\":\"below-title\",\"meta_element\":\"div\",\"meta_style\":\"text-meta\",\"panel_padding\":\"default\",\"panel_style\":\"card-primary\",\"title\":\"Fachbereiche\",\"title_align\":\"top\",\"title_element\":\"h3\",\"title_grid_breakpoint\":\"m\",\"title_grid_width\":\"1-2\",\"title_hover_style\":\"reset\",\"title_style\":\"h2\"}}]}]}]},{\"name\":\"About us\",\"type\":\"section\",\"props\":{\"animation_delay\":false,\"id\":\"about-us\",\"image_position\":\"center-center\",\"image_size\":\"cover\",\"padding\":\"large\",\"padding_remove_bottom\":false,\"padding_remove_top\":false,\"style\":\"default\",\"title_breakpoint\":\"xl\",\"title_position\":\"top-left\",\"title_rotation\":\"left\",\"vertical_align\":\"middle\",\"width\":\"default\"},\"children\":[{\"name\":\"\",\"type\":\"row\",\"props\":{\"layout\":\"1-3,2-3\",\"margin\":\"xlarge\",\"width\":\"default\"},\"children\":[{\"name\":\"\",\"type\":\"column\",\"props\":{\"image_position\":\"center-center\",\"media_overlay_gradient\":\"\",\"position_sticky_breakpoint\":\"m\",\"width_medium\":\"1-3\"},\"children\":[{\"name\":\"\",\"type\":\"headline\",\"props\":{\"content\":\"Dachdeckungen \",\"title_decoration\":\"bullet\",\"title_element\":\"h3\"}}]},{\"name\":\"\",\"type\":\"column\",\"props\":{\"image_position\":\"center-center\",\"media_overlay_gradient\":\"\",\"position_sticky_breakpoint\":\"m\",\"width_medium\":\"2-3\"},\"children\":[{\"name\":\"\",\"type\":\"text\",\"props\":{\"column_breakpoint\":\"m\",\"content\":\"Steild\\u00e4cher mit Deckungen aus\",\"dropcap\":false,\"margin\":\"default\",\"text_style\":\"lead\"}},{\"name\":\"\",\"type\":\"list\",\"props\":{\"column_breakpoint\":\"m\",\"icon_width\":30,\"image_align\":\"left\",\"image_svg_color\":\"emphasis\",\"image_vertical_align\":true,\"list_element\":\"ul\",\"list_horizontal_separator\":\", \",\"list_size\":\"\",\"list_type\":\"vertical\",\"show_image\":true,\"show_link\":true},\"children\":[{\"name\":\"\",\"type\":\"list_item\",\"props\":{\"content\":\"Schiefer\\n\",\"icon\":\"check\",\"icon_color\":\"primary\"}},{\"name\":\"\",\"type\":\"list_item\",\"props\":{\"content\":\"Dachziegeln\",\"icon\":\"check\",\"icon_color\":\"primary\"}},{\"name\":\"\",\"type\":\"list_item\",\"props\":{\"content\":\"Faserzement- (Eternit-) Dachplatten\",\"icon\":\"check\",\"icon_color\":\"primary\"}},{\"name\":\"\",\"type\":\"list_item\",\"props\":{\"content\":\"Bitumenschindeln\",\"icon\":\"check\",\"icon_color\":\"primary\"}},{\"name\":\"\",\"type\":\"list_item\",\"props\":{\"content\":\"Bitumenwellplatten\",\"icon\":\"check\",\"icon_color\":\"primary\"}}]}]}]},{\"name\":\"\",\"type\":\"row\",\"props\":{\"layout\":\"1-3,2-3\",\"margin\":\"remove-vertical\",\"match\":false,\"vertical_align\":false,\"width\":\"expand\"},\"children\":[{\"name\":\"\",\"type\":\"column\",\"props\":{\"image_position\":\"center-center\",\"media_overlay_gradient\":\"\",\"position_sticky_breakpoint\":\"m\",\"width_medium\":\"1-3\"},\"children\":[{\"name\":\"\",\"type\":\"headline\",\"props\":{\"content\":\"Abdichtungen \\\/ Flachd\\u00e4cher \",\"title_decoration\":\"bullet\",\"title_element\":\"h3\"}}]},{\"name\":\"\",\"type\":\"column\",\"props\":{\"image_position\":\"center-center\",\"media_overlay_gradient\":\"\",\"position_sticky_breakpoint\":\"m\",\"width_medium\":\"2-3\"},\"children\":[{\"name\":\"\",\"type\":\"list\",\"props\":{\"column_breakpoint\":\"m\",\"icon_width\":30,\"image_align\":\"left\",\"image_svg_color\":\"emphasis\",\"image_vertical_align\":true,\"list_element\":\"ul\",\"list_horizontal_separator\":\", \",\"list_size\":\"\",\"list_type\":\"vertical\",\"show_image\":true,\"show_link\":true},\"children\":[{\"name\":\"\",\"type\":\"list_item\",\"props\":{\"content\":\"aus Bitumenbahnen\",\"icon\":\"check\",\"icon_color\":\"primary\"}},{\"name\":\"\",\"type\":\"list_item\",\"props\":{\"content\":\"aus Kunststoffbahnen\",\"icon\":\"check\",\"icon_color\":\"primary\"}},{\"name\":\"\",\"type\":\"list_item\",\"props\":{\"content\":\"oder Fl\\u00fcssigkunststoff\",\"icon\":\"check\",\"icon_color\":\"primary\"}}]}]}]},{\"name\":\"\",\"type\":\"row\",\"props\":{\"layout\":\"1-3,2-3\",\"margin\":\"xlarge\",\"match\":false,\"vertical_align\":false,\"width\":\"expand\"},\"children\":[{\"name\":\"\",\"type\":\"column\",\"props\":{\"image_position\":\"center-center\",\"media_overlay_gradient\":\"\",\"position_sticky_breakpoint\":\"m\",\"width_medium\":\"1-3\"},\"children\":[{\"name\":\"\",\"type\":\"headline\",\"props\":{\"content\":\"Au\\u00dfenwand-bekleidungen\",\"title_decoration\":\"bullet\",\"title_element\":\"h3\"}}]},{\"name\":\"\",\"type\":\"column\",\"props\":{\"image_position\":\"center-center\",\"media_overlay_gradient\":\"\",\"position_sticky_breakpoint\":\"m\",\"width_medium\":\"2-3\"},\"children\":[{\"name\":\"\",\"type\":\"list\",\"props\":{\"column_breakpoint\":\"m\",\"icon_width\":30,\"image_align\":\"left\",\"image_svg_color\":\"emphasis\",\"image_vertical_align\":true,\"list_element\":\"ul\",\"list_horizontal_separator\":\", \",\"list_size\":\"\",\"list_type\":\"vertical\",\"show_image\":true,\"show_link\":true},\"children\":[{\"name\":\"\",\"type\":\"list_item\",\"props\":{\"content\":\"Vorgeh\\u00e4ngte, hinterl\\u00fcftete Fassaden aus klein- oder gro\\u00dfformatigen Platten \",\"icon\":\"check\",\"icon_color\":\"primary\"}}]}]}]},{\"name\":\"\",\"type\":\"row\",\"props\":{\"layout\":\"1-3,2-3\",\"margin\":\"remove-vertical\",\"match\":false,\"vertical_align\":false,\"width\":\"expand\"},\"children\":[{\"name\":\"\",\"type\":\"column\",\"props\":{\"image_position\":\"center-center\",\"media_overlay_gradient\":\"\",\"position_sticky_breakpoint\":\"m\",\"width_medium\":\"1-3\"},\"children\":[{\"name\":\"\",\"type\":\"headline\",\"props\":{\"content\":\"Metallarbeiten im Dachdeckerhandwerk\",\"title_decoration\":\"bullet\",\"title_element\":\"h3\"}}]},{\"name\":\"\",\"type\":\"column\",\"props\":{\"image_position\":\"center-center\",\"media_overlay_gradient\":\"\",\"position_sticky_breakpoint\":\"m\",\"width_medium\":\"2-3\"},\"children\":[{\"name\":\"\",\"type\":\"list\",\"props\":{\"column_breakpoint\":\"m\",\"icon_width\":30,\"image_align\":\"left\",\"image_svg_color\":\"emphasis\",\"image_vertical_align\":true,\"list_element\":\"ul\",\"list_horizontal_separator\":\", \",\"list_size\":\"\",\"list_type\":\"vertical\",\"show_image\":true,\"show_link\":true},\"children\":[{\"name\":\"\",\"type\":\"list_item\",\"props\":{\"content\":\"Insbesondere Dachrinnen und \\u2013rohre, An- und Abschl\\u00fcsse an Dachr\\u00e4ndern\",\"icon\":\"check\",\"icon_color\":\"primary\"}}]}]}]}]},{\"name\":\"Ansprechpartner\",\"type\":\"section\",\"props\":{\"image_position\":\"center-center\",\"style\":\"muted\",\"title_breakpoint\":\"xl\",\"title_position\":\"top-left\",\"title_rotation\":\"left\",\"vertical_align\":\"middle\",\"width\":\"default\"},\"children\":[{\"name\":\"\",\"type\":\"row\",\"props\":{\"layout\":\"1-2,1-2\",\"vertical_align\":true},\"children\":[{\"name\":\"\",\"type\":\"column\",\"props\":{\"image_position\":\"center-center\",\"media_overlay_gradient\":\"\",\"position_sticky_breakpoint\":\"m\",\"vertical_align\":\"middle\",\"width_medium\":\"1-2\"},\"children\":[{\"name\":\"\",\"type\":\"headline\",\"props\":{\"content\":\"Haben Sie Fragen?\",\"title_element\":\"h2\"}},{\"name\":\"\",\"type\":\"text\",\"props\":{\"column_breakpoint\":\"m\",\"content\":\"\n\n<p>Sprechen Sie mich unverbindlich an!<\\\/p>\",\"margin\":\"default\"}},{\"name\":\"\",\"type\":\"button\",\"props\":{\"grid_column_gap\":\"small\",\"grid_row_gap\":\"small\",\"margin\":\"default\"},\"children\":[{\"name\":\"\",\"type\":\"button_item\",\"props\":{\"button_style\":\"primary\",\"content\":\"Kontakt\",\"icon_align\":\"left\",\"link\":\".\\\/index.php\\\/kontakt\\\/\"}}]}]},{\"name\":\"\",\"type\":\"column\",\"props\":{\"image_position\":\"center-center\",\"media_overlay_gradient\":\"\",\"position_sticky_breakpoint\":\"m\",\"vertical_align\":\"middle\",\"width_medium\":\"1-2\"},\"children\":[{\"name\":\"\",\"type\":\"panel\",\"props\":{\"content\":\"\n\n<p>\\nRingofenstra\\u00dfe 45 <br \\\/>\\n44287 Dortmund<\\\/p>\\n<img src=\\\".\\\/wp-content\\\/uploads\\\/2017\\\/09\\\/sachverst-logo.gif\\\"\\\/>\",\"content_column_breakpoint\":\"m\",\"icon_width\":80,\"image\":\"wp-content\\\/uploads\\\/2024\\\/04\\\/Schomberg-03.jpg\",\"image_align\":\"right\",\"image_grid_breakpoint\":\"m\",\"image_grid_width\":\"1-2\",\"image_svg_color\":\"emphasis\",\"image_vertical_align\":true,\"link_style\":\"default\",\"link_text\":\"Read more\",\"margin\":\"default\",\"meta\":\"\",\"meta_align\":\"above-title\",\"meta_element\":\"div\",\"meta_style\":\"text-meta\",\"panel_padding\":\"default\",\"panel_style\":\"card-default\",\"title\":\"Matthias Schomberg\",\"title_align\":\"top\",\"title_element\":\"h3\",\"title_grid_breakpoint\":\"m\",\"title_grid_width\":\"1-2\",\"title_hover_style\":\"reset\",\"title_margin\":\"remove\"}}]}]}]}],\"version\":\"3.0.14\"} --><\/p>\n","protected":false},"excerpt":{"rendered":"<p>Fachbereiche Dachdeckungen Steild\u00e4cher mit Deckungen aus Schiefer Dachziegeln Faserzement- (Eternit-) Dachplatten Bitumenschindeln Bitumenwellplatten Abdichtungen \/ Flachd\u00e4cher aus Bitumenbahnen aus Kunststoffbahnen oder Fl\u00fcssigkunststoff Au\u00dfenwand-bekleidungen Vorgeh\u00e4ngte, hinterl\u00fcftete Fassaden aus klein- oder gro\u00dfformatigen Platten Metallarbeiten im Dachdeckerhandwerk Insbesondere Dachrinnen und \u2013rohre, An- und Abschl\u00fcsse an Dachr\u00e4ndern Haben Sie Fragen? Sprechen Sie mich unverbindlich an! Kontakt Matthias Schomberg Ringofenstra\u00dfe [&hellip;]<\/p>\n","protected":false},"author":2,"featured_media":0,"parent":0,"menu_order":0,"comment_status":"closed","ping_status":"closed","template":"","meta":{"footnotes":""},"class_list":["post-9","page","type-page","status-publish","hentry"],"yoast_head":"<!-- This site is optimized with the Yoast SEO plugin v27.4 - https:\/\/yoast.com\/product\/yoast-seo-wordpress\/ -->\n<title>Fachbereiche - Dachdecker Sachverst\u00e4ndigenb\u00fcro Matthias Schomberg<\/title>\n<meta name=\"description\" content=\"Fachbereiche: Dachdeckungen, Flachd\u00e4cher, Abdichtungen, Au\u00dfenwandbekleidungen, Metallarbeiten\" \/>\n<meta name=\"robots\" content=\"index, follow, max-snippet:-1, max-image-preview:large, max-video-preview:-1\" \/>\n<link rel=\"canonical\" href=\"https:\/\/www.schomberg-sv.de\/index.php\/fachbereiche\/\" \/>\n<meta property=\"og:locale\" content=\"de_DE\" \/>\n<meta property=\"og:type\" content=\"article\" \/>\n<meta property=\"og:title\" content=\"Fachbereiche - Dachdecker Sachverst\u00e4ndigenb\u00fcro Matthias Schomberg\" \/>\n<meta property=\"og:description\" content=\"Fachbereiche: Dachdeckungen, Flachd\u00e4cher, Abdichtungen, Au\u00dfenwandbekleidungen, Metallarbeiten\" \/>\n<meta property=\"og:url\" content=\"https:\/\/www.schomberg-sv.de\/index.php\/fachbereiche\/\" \/>\n<meta property=\"og:site_name\" content=\"Dachdecker Sachverst\u00e4ndigenb\u00fcro Matthias Schomberg\" \/>\n<meta property=\"article:modified_time\" content=\"2024-04-12T08:40:33+00:00\" \/>\n<meta name=\"twitter:card\" content=\"summary_large_image\" \/>\n<meta name=\"twitter:label1\" content=\"Gesch\u00e4tzte Lesezeit\" \/>\n\t<meta name=\"twitter:data1\" content=\"2\u00a0Minuten\" \/>\n<script type=\"application\/ld+json\" class=\"yoast-schema-graph\">{\"@context\":\"https:\\\/\\\/schema.org\",\"@graph\":[{\"@type\":\"WebPage\",\"@id\":\"https:\\\/\\\/www.schomberg-sv.de\\\/index.php\\\/fachbereiche\\\/\",\"url\":\"https:\\\/\\\/www.schomberg-sv.de\\\/index.php\\\/fachbereiche\\\/\",\"name\":\"Fachbereiche - Dachdecker Sachverst\u00e4ndigenb\u00fcro Matthias Schomberg\",\"isPartOf\":{\"@id\":\"https:\\\/\\\/www.schomberg-sv.de\\\/#website\"},\"datePublished\":\"2017-09-04T08:49:50+00:00\",\"dateModified\":\"2024-04-12T08:40:33+00:00\",\"description\":\"Fachbereiche: Dachdeckungen, Flachd\u00e4cher, Abdichtungen, Au\u00dfenwandbekleidungen, Metallarbeiten\",\"breadcrumb\":{\"@id\":\"https:\\\/\\\/www.schomberg-sv.de\\\/index.php\\\/fachbereiche\\\/#breadcrumb\"},\"inLanguage\":\"de\",\"potentialAction\":[{\"@type\":\"ReadAction\",\"target\":[\"https:\\\/\\\/www.schomberg-sv.de\\\/index.php\\\/fachbereiche\\\/\"]}]},{\"@type\":\"BreadcrumbList\",\"@id\":\"https:\\\/\\\/www.schomberg-sv.de\\\/index.php\\\/fachbereiche\\\/#breadcrumb\",\"itemListElement\":[{\"@type\":\"ListItem\",\"position\":1,\"name\":\"Startseite\",\"item\":\"https:\\\/\\\/www.schomberg-sv.de\\\/\"},{\"@type\":\"ListItem\",\"position\":2,\"name\":\"Fachbereiche\"}]},{\"@type\":\"WebSite\",\"@id\":\"https:\\\/\\\/www.schomberg-sv.de\\\/#website\",\"url\":\"https:\\\/\\\/www.schomberg-sv.de\\\/\",\"name\":\"Dachdecker Sachverst\u00e4ndigenb\u00fcro Matthias Schomberg\",\"description\":\"\u00d6ffentlich bestellter und vereidigter Sachverst\u00e4ndiger f\u00fcr das Dachdeckerhandwerk Dortmund Ruhrgebiet\",\"potentialAction\":[{\"@type\":\"SearchAction\",\"target\":{\"@type\":\"EntryPoint\",\"urlTemplate\":\"https:\\\/\\\/www.schomberg-sv.de\\\/?s={search_term_string}\"},\"query-input\":{\"@type\":\"PropertyValueSpecification\",\"valueRequired\":true,\"valueName\":\"search_term_string\"}}],\"inLanguage\":\"de\"}]}<\/script>\n<!-- \/ Yoast SEO plugin. -->","yoast_head_json":{"title":"Fachbereiche - Dachdecker Sachverst\u00e4ndigenb\u00fcro Matthias Schomberg","description":"Fachbereiche: Dachdeckungen, Flachd\u00e4cher, Abdichtungen, Au\u00dfenwandbekleidungen, Metallarbeiten","robots":{"index":"index","follow":"follow","max-snippet":"max-snippet:-1","max-image-preview":"max-image-preview:large","max-video-preview":"max-video-preview:-1"},"canonical":"https:\/\/www.schomberg-sv.de\/index.php\/fachbereiche\/","og_locale":"de_DE","og_type":"article","og_title":"Fachbereiche - Dachdecker Sachverst\u00e4ndigenb\u00fcro Matthias Schomberg","og_description":"Fachbereiche: Dachdeckungen, Flachd\u00e4cher, Abdichtungen, Au\u00dfenwandbekleidungen, Metallarbeiten","og_url":"https:\/\/www.schomberg-sv.de\/index.php\/fachbereiche\/","og_site_name":"Dachdecker Sachverst\u00e4ndigenb\u00fcro Matthias Schomberg","article_modified_time":"2024-04-12T08:40:33+00:00","twitter_card":"summary_large_image","twitter_misc":{"Gesch\u00e4tzte Lesezeit":"2\u00a0Minuten"},"schema":{"@context":"https:\/\/schema.org","@graph":[{"@type":"WebPage","@id":"https:\/\/www.schomberg-sv.de\/index.php\/fachbereiche\/","url":"https:\/\/www.schomberg-sv.de\/index.php\/fachbereiche\/","name":"Fachbereiche - Dachdecker Sachverst\u00e4ndigenb\u00fcro Matthias Schomberg","isPartOf":{"@id":"https:\/\/www.schomberg-sv.de\/#website"},"datePublished":"2017-09-04T08:49:50+00:00","dateModified":"2024-04-12T08:40:33+00:00","description":"Fachbereiche: Dachdeckungen, Flachd\u00e4cher, Abdichtungen, Au\u00dfenwandbekleidungen, Metallarbeiten","breadcrumb":{"@id":"https:\/\/www.schomberg-sv.de\/index.php\/fachbereiche\/#breadcrumb"},"inLanguage":"de","potentialAction":[{"@type":"ReadAction","target":["https:\/\/www.schomberg-sv.de\/index.php\/fachbereiche\/"]}]},{"@type":"BreadcrumbList","@id":"https:\/\/www.schomberg-sv.de\/index.php\/fachbereiche\/#breadcrumb","itemListElement":[{"@type":"ListItem","position":1,"name":"Startseite","item":"https:\/\/www.schomberg-sv.de\/"},{"@type":"ListItem","position":2,"name":"Fachbereiche"}]},{"@type":"WebSite","@id":"https:\/\/www.schomberg-sv.de\/#website","url":"https:\/\/www.schomberg-sv.de\/","name":"Dachdecker Sachverst\u00e4ndigenb\u00fcro Matthias Schomberg","description":"\u00d6ffentlich bestellter und vereidigter Sachverst\u00e4ndiger f\u00fcr das Dachdeckerhandwerk Dortmund Ruhrgebiet","potentialAction":[{"@type":"SearchAction","target":{"@type":"EntryPoint","urlTemplate":"https:\/\/www.schomberg-sv.de\/?s={search_term_string}"},"query-input":{"@type":"PropertyValueSpecification","valueRequired":true,"valueName":"search_term_string"}}],"inLanguage":"de"}]}},"_links":{"self":[{"href":"https:\/\/www.schomberg-sv.de\/index.php\/wp-json\/wp\/v2\/pages\/9","targetHints":{"allow":["GET"]}}],"collection":[{"href":"https:\/\/www.schomberg-sv.de\/index.php\/wp-json\/wp\/v2\/pages"}],"about":[{"href":"https:\/\/www.schomberg-sv.de\/index.php\/wp-json\/wp\/v2\/types\/page"}],"author":[{"embeddable":true,"href":"https:\/\/www.schomberg-sv.de\/index.php\/wp-json\/wp\/v2\/users\/2"}],"replies":[{"embeddable":true,"href":"https:\/\/www.schomberg-sv.de\/index.php\/wp-json\/wp\/v2\/comments?post=9"}],"version-history":[{"count":20,"href":"https:\/\/www.schomberg-sv.de\/index.php\/wp-json\/wp\/v2\/pages\/9\/revisions"}],"predecessor-version":[{"id":392,"href":"https:\/\/www.schomberg-sv.de\/index.php\/wp-json\/wp\/v2\/pages\/9\/revisions\/392"}],"wp:attachment":[{"href":"https:\/\/www.schomberg-sv.de\/index.php\/wp-json\/wp\/v2\/media?parent=9"}],"curies":[{"name":"wp","href":"https:\/\/api.w.org\/{rel}","templated":true}]}}